{"id":20,"date":"2023-09-01T14:27:58","date_gmt":"2023-09-01T14:27:58","guid":{"rendered":"https:\/\/medisonalce.com\/?page_id=20"},"modified":"2023-09-15T13:44:01","modified_gmt":"2023-09-15T13:44:01","slug":"m3-cz","status":"publish","type":"page","link":"https:\/\/medisonalce.com\/cs\/m3-cz\/","title":{"rendered":"M3 CZ"},"content":{"rendered":"<div data-elementor-type=\"wp-page\" data-elementor-id=\"20\" class=\"elementor elementor-20\" data-elementor-post-type=\"page\">\n\t\t\t\t\t\t<section class=\"elementor-section elementor-top-section elementor-element elementor-element-5a8e6ce elementor-section-boxed elementor-section-height-default elementor-section-height-default\" data-id=\"5a8e6ce\" data-element_type=\"section\">\n\t\t\t\t\t\t<div class=\"elementor-container elementor-column-gap-default\">\n\t\t\t\t\t<div class=\"elementor-column elementor-col-50 elementor-top-column elementor-element elementor-element-18c2479\" data-id=\"18c2479\" data-element_type=\"column\">\n\t\t\t<div class=\"elementor-widget-wrap elementor-element-populated\">\n\t\t\t\t\t\t<div class=\"elementor-element elementor-element-6925c12a elementor-widget elementor-widget-text-editor\" data-id=\"6925c12a\" data-element_type=\"widget\" data-widget_type=\"text-editor.default\">\n\t\t\t\t<div class=\"elementor-widget-container\">\n\t\t\t\t\t\t\t\t\t<div class=\"elementor-element-overlay\"><ul class=\"elementor-editor-element-settings elementor-editor-column-settings\"><li class=\"elementor-editor-element-setting elementor-editor-element-edit elementor-active\" title=\"Edit Column\"><span class=\"elementor-screen-only\">Edit Column<\/span><\/li><\/ul><\/div><div class=\"elementor-widget-wrap elementor-element-populated ui-sortable\"><div class=\"elementor-background-overlay\">\u00a0<\/div><div class=\"elementor-element elementor-element-edit-mode elementor-element-a18792e elementor-element--toggle-edit-tools elementor-widget elementor-widget-text-editor ui-resizable\" data-id=\"a18792e\" data-element_type=\"widget\" data-model-cid=\"c45\" data-widget_type=\"text-editor.default\"><div class=\"elementor-element-overlay\">\u00a0<\/div><div class=\"elementor-widget-container\"><div class=\"elementor-text-editor elementor-clearfix elementor-inline-editing\" data-elementor-setting-key=\"editor\" data-elementor-inline-editing-toolbar=\"advanced\"><p>M3 Czech Republic je pr\u016fvodcem Medisonalu \u010desk\u00fdm procesem p\u0159edepisov\u00e1n\u00ed l\u00e9\u010debn\u00e9ho konop\u00ed. Je \u0161it\u00e1 na m\u00edru \u010desk\u00fdm l\u00e9ka\u0159\u016fm a zab\u00fdv\u00e1 se slo\u017eitost\u00ed krajiny l\u00e9\u010debn\u00e9ho konop\u00ed v zemi. Poskytuje \u010desk\u00fdm l\u00e9ka\u0159\u016fm kompletn\u00ed n\u00e1vod, jak p\u0159edepisovat l\u00e9\u010debn\u00e9 konop\u00ed, a zjednodu\u0161uje jinak slo\u017eit\u00fd postup. Douf\u00e1me, \u017ee s M3 budou l\u00e9ka\u0159i schopni s jistotou zah\u00e1jit proces p\u0159edepisov\u00e1n\u00ed l\u00e9\u010debn\u00e9ho konop\u00ed. Aby se d\u00e1le vzbudila d\u016fv\u011bra v l\u00e9ka\u0159e, kte\u0159\u00ed cht\u011bj\u00ed p\u0159edepisovat l\u00e9\u010debn\u00e9 konop\u00ed, M3 tak\u00e9 poskytuje p\u0159\u00edstup k poradensk\u00e9mu t\u00fdmu, kter\u00fd bude poskytovat podporu a p\u0159ehled v re\u00e1ln\u00e9m \u010dase a zajist\u00ed, \u017ee v\u0161echna rozhodnut\u00ed u\u010din\u011bn\u00e1 l\u00e9ka\u0159i budou dob\u0159e informov\u00e1na p\u0159esn\u00fdmi a aktu\u00e1ln\u00edmi informacemi. K dispozici jsou tak\u00e9 n\u00e1stroje pro p\u0159edepisov\u00e1n\u00ed a pod\u00e1v\u00e1n\u00ed zpr\u00e1v, kter\u00e9 l\u00e9ka\u0159e provedou konzulta\u010dn\u00edm procesem, kter\u00fd n\u00e1sleduje po p\u0159edeps\u00e1n\u00ed l\u00e9\u010debn\u00e9ho konop\u00ed. L\u00e9ka\u0159i maj\u00ed tak\u00e9 p\u0159\u00edstup k jak\u00fdmkoli vzd\u011bl\u00e1vac\u00edm a dopl\u0148kov\u00fdm informa\u010dn\u00edm zdroj\u016fm prost\u0159ednictv\u00edm M3.\u00a0<\/p><\/div><\/div><\/div><\/div>\t\t\t\t\t\t\t\t<\/div>\n\t\t\t\t<\/div>\n\t\t\t\t\t<\/div>\n\t\t<\/div>\n\t\t\t\t<div class=\"elementor-column elementor-col-50 elementor-top-column elementor-element elementor-element-d182e46\" data-id=\"d182e46\" data-element_type=\"column\">\n\t\t\t<div class=\"elementor-widget-wrap elementor-element-populated\">\n\t\t\t\t\t\t<div class=\"elementor-element elementor-element-19da3b5 elementor-widget elementor-widget-image\" data-id=\"19da3b5\" data-element_type=\"widget\" data-widget_type=\"image.default\">\n\t\t\t\t<div class=\"elementor-widget-container\">\n\t\t\t\t\t\t\t\t\t\t\t\t\t\t\t<img fetchpriority=\"high\" decoding=\"async\" width=\"1024\" height=\"1024\" src=\"https:\/\/medisonalce.com\/wp-content\/uploads\/2023\/09\/m3-logo39.svg\" class=\"attachment-large size-large wp-image-289\" alt=\"\" \/>\t\t\t\t\t\t\t\t\t\t\t\t\t\t\t<\/div>\n\t\t\t\t<\/div>\n\t\t\t\t<div class=\"elementor-element elementor-element-c710175 elementor-align-justify elementor-widget elementor-widget-button\" data-id=\"c710175\" data-element_type=\"widget\" data-widget_type=\"button.default\">\n\t\t\t\t<div class=\"elementor-widget-container\">\n\t\t\t\t\t\t\t\t\t<div class=\"elementor-button-wrapper\">\n\t\t\t\t\t<a class=\"elementor-button elementor-button-link elementor-size-xl\" href=\"https:\/\/cz.medisonalm3.com\/\">\n\t\t\t\t\t\t<span class=\"elementor-button-content-wrapper\">\n\t\t\t\t\t\t\t\t\t<span class=\"elementor-button-text\">Click Here to go to M3<\/span>\n\t\t\t\t\t<\/span>\n\t\t\t\t\t<\/a>\n\t\t\t\t<\/div>\n\t\t\t\t\t\t\t\t<\/div>\n\t\t\t\t<\/div>\n\t\t\t\t\t<\/div>\n\t\t<\/div>\n\t\t\t\t\t<\/div>\n\t\t<\/section>\n\t\t\t\t<section class=\"elementor-section elementor-top-section elementor-element elementor-element-215c1ce6 elementor-section-content-middle elementor-section-full_width elementor-reverse-mobile elementor-section-height-default elementor-section-height-default\" data-id=\"215c1ce6\" data-element_type=\"section\" data-settings=\"{&quot;background_background&quot;:&quot;classic&quot;}\">\n\t\t\t\t\t\t<div class=\"elementor-container elementor-column-gap-no\">\n\t\t\t\t\t<div class=\"elementor-column elementor-col-100 elementor-top-column elementor-element elementor-element-24c1c8cc\" data-id=\"24c1c8cc\" data-element_type=\"column\">\n\t\t\t<div class=\"elementor-widget-wrap elementor-element-populated\">\n\t\t\t\t\t\t<div class=\"elementor-element elementor-element-4f485a14 elementor-widget elementor-widget-heading\" data-id=\"4f485a14\" data-element_type=\"widget\" data-widget_type=\"heading.default\">\n\t\t\t\t<div class=\"elementor-widget-container\">\n\t\t\t\t\t<h2 class=\"elementor-heading-title elementor-size-default\">Na\u0161e mise<\/h2>\t\t\t\t<\/div>\n\t\t\t\t<\/div>\n\t\t\t\t<div class=\"elementor-element elementor-element-3a07a9c6 elementor-widget elementor-widget-text-editor\" data-id=\"3a07a9c6\" data-element_type=\"widget\" data-widget_type=\"text-editor.default\">\n\t\t\t\t<div class=\"elementor-widget-container\">\n\t\t\t\t\t\t\t\t\t<p>M3 Czech Republic se v\u011bnuje pr\u016fkopnick\u00e9 excelenci ve zdravotn\u00ed p\u00e9\u010di o l\u00e9\u010debn\u00e9 konop\u00ed v \u010cesk\u00e9 republice. Na\u0161\u00edm posl\u00e1n\u00edm je poskytnout zdravotn\u00edk\u016fm v cel\u00e9 zemi komplexn\u00ed n\u00e1stroje, znalosti a podporu, aby mohli s jistotou a zodpov\u011bdn\u011b p\u0159edepisovat l\u00e9\u010debn\u00e9 konop\u00ed. Vedeni na\u0161\u00edm z\u00e1vazkem k blahu pacient\u016f, dodr\u017eov\u00e1n\u00ed pr\u00e1vn\u00edch p\u0159edpis\u016f a v\u011bdeck\u00e9mu pokroku se sna\u017e\u00edme zlep\u0161it kvalitu \u017eivota jedinc\u016f, kte\u0159\u00ed pot\u0159ebuj\u00ed l\u00e9\u010dbu konop\u00edm. Prost\u0159ednictv\u00edm vzd\u011bl\u00e1v\u00e1n\u00ed, inovac\u00ed a neochv\u011bjn\u00e9ho odhodl\u00e1n\u00ed se M3 Czech Republic sna\u017e\u00ed b\u00fdt d\u016fv\u011bryhodn\u00fdm partnerem v odpov\u011bdn\u00e9m u\u017e\u00edv\u00e1n\u00ed l\u00e9\u010debn\u00e9ho konop\u00ed, zlep\u0161ovat p\u00e9\u010di o pacienty a podporovat zdrav\u011bj\u0161\u00ed spole\u010dnost.<\/p>\t\t\t\t\t\t\t\t<\/div>\n\t\t\t\t<\/div>\n\t\t\t\t\t<\/div>\n\t\t<\/div>\n\t\t\t\t\t<\/div>\n\t\t<\/section>\n\t\t\t\t<section class=\"elementor-section elementor-top-section elementor-element elementor-element-5cda5452 elementor-section-content-middle elementor-section-full_width elementor-section-height-default elementor-section-height-default\" data-id=\"5cda5452\" data-element_type=\"section\">\n\t\t\t\t\t\t<div class=\"elementor-container elementor-column-gap-no\">\n\t\t\t\t\t<div class=\"elementor-column elementor-col-50 elementor-top-column elementor-element elementor-element-654cc018\" data-id=\"654cc018\" data-element_type=\"column\">\n\t\t\t<div class=\"elementor-widget-wrap elementor-element-populated\">\n\t\t\t\t\t\t<div class=\"elementor-element elementor-element-7ed44a5f elementor-widget elementor-widget-heading\" data-id=\"7ed44a5f\" data-element_type=\"widget\" data-widget_type=\"heading.default\">\n\t\t\t\t<div class=\"elementor-widget-container\">\n\t\t\t\t\t<h2 class=\"elementor-heading-title elementor-size-default\">Pro\u010d n\u00e1s vybrat<\/h2>\t\t\t\t<\/div>\n\t\t\t\t<\/div>\n\t\t\t\t<div class=\"elementor-element elementor-element-2eaa6217 elementor-widget elementor-widget-text-editor\" data-id=\"2eaa6217\" data-element_type=\"widget\" data-widget_type=\"text-editor.default\">\n\t\t\t\t<div class=\"elementor-widget-container\">\n\t\t\t\t\t\t\t\t\t<p>Ve spole\u010dnosti Medisonal Czech Republic jsme se spojili s EUC a Motagon, abychom pomohli ve v\u0161em, co se t\u00fdk\u00e1 konop\u00ed v \u010cesk\u00e9 republice. Tato partnerstv\u00ed znamenaj\u00ed v\u00fdznamn\u00fd krok vp\u0159ed v na\u0161em spole\u010dn\u00e9m posl\u00e1n\u00ed revolu\u010dn\u00edm zp\u016fsobem zm\u011bnit p\u0159\u00edstup ke zdravotn\u00ed p\u00e9\u010di a zajistit, aby ka\u017ed\u00fd jednotlivec m\u011bl p\u0159\u00edle\u017eitost z\u00edskat l\u00e9ky, kter\u00e9 dokonale odpov\u00eddaj\u00ed jeho jedine\u010dn\u00fdm pot\u0159eb\u00e1m. Spole\u010dn\u011b tvo\u0159\u00edme impozantn\u00ed alianci, sdru\u017euj\u00edc\u00ed na\u0161e spole\u010dn\u00e9 odborn\u00e9 znalosti a zdroje, abychom mohli poskytovat komplexn\u00ed poradenstv\u00ed a podporu pro v\u0161echny aspekty l\u00e9\u010debn\u00e9ho konop\u00ed v \u010cesk\u00e9 republice.<\/p>\t\t\t\t\t\t\t\t<\/div>\n\t\t\t\t<\/div>\n\t\t\t\t\t<\/div>\n\t\t<\/div>\n\t\t\t\t<div class=\"elementor-column elementor-col-50 elementor-top-column elementor-element elementor-element-15ff03d5\" data-id=\"15ff03d5\" data-element_type=\"column\">\n\t\t\t<div class=\"elementor-widget-wrap elementor-element-populated\">\n\t\t\t\t\t\t<div class=\"elementor-element elementor-element-24ac1851 elementor-widget elementor-widget-image\" data-id=\"24ac1851\" data-element_type=\"widget\" data-widget_type=\"image.default\">\n\t\t\t\t<div class=\"elementor-widget-container\">\n\t\t\t\t\t\t\t\t\t\t\t\t\t\t\t<img decoding=\"async\" width=\"531\" height=\"326\" src=\"https:\/\/medisonalce.com\/wp-content\/uploads\/2023\/09\/Screenshot-2023-09-12-121512.png\" class=\"attachment-large size-large wp-image-206\" alt=\"\" srcset=\"https:\/\/medisonalce.com\/wp-content\/uploads\/2023\/09\/Screenshot-2023-09-12-121512.png 531w, https:\/\/medisonalce.com\/wp-content\/uploads\/2023\/09\/Screenshot-2023-09-12-121512-300x184.png 300w\" sizes=\"(max-width: 531px) 100vw, 531px\" \/>\t\t\t\t\t\t\t\t\t\t\t\t\t\t\t<\/div>\n\t\t\t\t<\/div>\n\t\t\t\t\t<\/div>\n\t\t<\/div>\n\t\t\t\t\t<\/div>\n\t\t<\/section>\n\t\t\t\t<\/div>","protected":false},"excerpt":{"rendered":"<p>Edit Column \u00a0\u00a0 M3 Czech Republic is Medisonal\u2019s guide to the Czech medical cannabis prescription process. It is tailored specifically to Czech doctors, addressing the intricacies of the country\u2019s medical cannabis landscape.\u00a0 It provides Czech medical professionals with a full walk through of how to prescribe medical cannabis, simplifying what is otherwise a complex procedure. &hellip;<\/p>\n<p class=\"read-more\"> <a class=\"\" href=\"https:\/\/medisonalce.com\/cs\/m3-cz\/\"> <span class=\"screen-reader-text\">M3 CZ<\/span> Pokra\u010dovat ve \u010dten\u00ed &raquo;<\/a><\/p>","protected":false},"author":2,"featured_media":0,"parent":0,"menu_order":0,"comment_status":"closed","ping_status":"closed","template":"elementor_header_footer","meta":{"inline_featured_image":false,"site-sidebar-layout":"no-sidebar","site-content-layout":"","ast-site-content-layout":"full-width-container","site-content-style":"default","site-sidebar-style":"default","ast-global-header-display":"","ast-banner-title-visibility":"","ast-main-header-display":"","ast-hfb-above-header-display":"","ast-hfb-below-header-display":"","ast-hfb-mobile-header-display":"","site-post-title":"disabled","ast-breadcrumbs-content":"","ast-featured-img":"disabled","footer-sml-layout":"","theme-transparent-header-meta":"","adv-header-id-meta":"","stick-header-meta":"","header-above-stick-meta":"","header-main-stick-meta":"","header-below-stick-meta":"","astra-migrate-meta-layouts":"","footnotes":""},"class_list":["post-20","page","type-page","status-publish","hentry"],"yoast_head":"<!-- This site is optimized with the Yoast SEO plugin v27.4 - https:\/\/yoast.com\/product\/yoast-seo-wordpress\/ -->\n<title>M3 CZ - MedisonalCE<\/title>\n<meta name=\"robots\" content=\"index, follow, max-snippet:-1, max-image-preview:large, max-video-preview:-1\" \/>\n<link rel=\"canonical\" href=\"https:\/\/medisonalce.com\/cs\/m3-cz\/\" \/>\n<meta property=\"og:locale\" content=\"cs_CZ\" \/>\n<meta property=\"og:type\" content=\"article\" \/>\n<meta property=\"og:title\" content=\"M3 CZ - MedisonalCE\" \/>\n<meta property=\"og:description\" content=\"Edit Column \u00a0\u00a0 M3 Czech Republic is Medisonal\u2019s guide to the Czech medical cannabis prescription process. It is tailored specifically to Czech doctors, addressing the intricacies of the country\u2019s medical cannabis landscape.\u00a0 It provides Czech medical professionals with a full walk through of how to prescribe medical cannabis, simplifying what is otherwise a complex procedure. &hellip; M3 CZ Pokra\u010dovat ve \u010dten\u00ed &raquo;\" \/>\n<meta property=\"og:url\" content=\"https:\/\/medisonalce.com\/cs\/m3-cz\/\" \/>\n<meta property=\"og:site_name\" content=\"MedisonalCE\" \/>\n<meta property=\"article:modified_time\" content=\"2023-09-15T13:44:01+00:00\" \/>\n<meta property=\"og:image\" content=\"https:\/\/medisonalce.com\/wp-content\/uploads\/2023\/09\/m3-logo39.svg\" \/>\n<meta name=\"twitter:card\" content=\"summary_large_image\" \/>\n<meta name=\"twitter:label1\" content=\"Odhadovan\u00e1 doba \u010dten\u00ed\" \/>\n\t<meta name=\"twitter:data1\" content=\"3 minuty\" \/>\n<script type=\"application\/ld+json\" class=\"yoast-schema-graph\">{\"@context\":\"https:\\\/\\\/schema.org\",\"@graph\":[{\"@type\":\"WebPage\",\"@id\":\"https:\\\/\\\/medisonalce.com\\\/m3-cz\\\/\",\"url\":\"https:\\\/\\\/medisonalce.com\\\/m3-cz\\\/\",\"name\":\"M3 CZ - MedisonalCE\",\"isPartOf\":{\"@id\":\"https:\\\/\\\/medisonalce.com\\\/#website\"},\"primaryImageOfPage\":{\"@id\":\"https:\\\/\\\/medisonalce.com\\\/m3-cz\\\/#primaryimage\"},\"image\":{\"@id\":\"https:\\\/\\\/medisonalce.com\\\/m3-cz\\\/#primaryimage\"},\"thumbnailUrl\":\"https:\\\/\\\/medisonalce.com\\\/wp-content\\\/uploads\\\/2023\\\/09\\\/m3-logo39.svg\",\"datePublished\":\"2023-09-01T14:27:58+00:00\",\"dateModified\":\"2023-09-15T13:44:01+00:00\",\"breadcrumb\":{\"@id\":\"https:\\\/\\\/medisonalce.com\\\/m3-cz\\\/#breadcrumb\"},\"inLanguage\":\"cs\",\"potentialAction\":[{\"@type\":\"ReadAction\",\"target\":[\"https:\\\/\\\/medisonalce.com\\\/m3-cz\\\/\"]}]},{\"@type\":\"ImageObject\",\"inLanguage\":\"cs\",\"@id\":\"https:\\\/\\\/medisonalce.com\\\/m3-cz\\\/#primaryimage\",\"url\":\"https:\\\/\\\/medisonalce.com\\\/wp-content\\\/uploads\\\/2023\\\/09\\\/m3-logo39.svg\",\"contentUrl\":\"https:\\\/\\\/medisonalce.com\\\/wp-content\\\/uploads\\\/2023\\\/09\\\/m3-logo39.svg\"},{\"@type\":\"BreadcrumbList\",\"@id\":\"https:\\\/\\\/medisonalce.com\\\/m3-cz\\\/#breadcrumb\",\"itemListElement\":[{\"@type\":\"ListItem\",\"position\":1,\"name\":\"Home\",\"item\":\"https:\\\/\\\/medisonalce.com\\\/\"},{\"@type\":\"ListItem\",\"position\":2,\"name\":\"M3 CZ\"}]},{\"@type\":\"WebSite\",\"@id\":\"https:\\\/\\\/medisonalce.com\\\/#website\",\"url\":\"https:\\\/\\\/medisonalce.com\\\/\",\"name\":\"MedisonalCE\",\"description\":\"\",\"publisher\":{\"@id\":\"https:\\\/\\\/medisonalce.com\\\/#organization\"},\"potentialAction\":[{\"@type\":\"SearchAction\",\"target\":{\"@type\":\"EntryPoint\",\"urlTemplate\":\"https:\\\/\\\/medisonalce.com\\\/?s={search_term_string}\"},\"query-input\":{\"@type\":\"PropertyValueSpecification\",\"valueRequired\":true,\"valueName\":\"search_term_string\"}}],\"inLanguage\":\"cs\"},{\"@type\":\"Organization\",\"@id\":\"https:\\\/\\\/medisonalce.com\\\/#organization\",\"name\":\"MedisonalCE\",\"url\":\"https:\\\/\\\/medisonalce.com\\\/\",\"logo\":{\"@type\":\"ImageObject\",\"inLanguage\":\"cs\",\"@id\":\"https:\\\/\\\/medisonalce.com\\\/#\\\/schema\\\/logo\\\/image\\\/\",\"url\":\"https:\\\/\\\/medisonalce.com\\\/wp-content\\\/uploads\\\/2023\\\/09\\\/Medisonal-CE.svg\",\"contentUrl\":\"https:\\\/\\\/medisonalce.com\\\/wp-content\\\/uploads\\\/2023\\\/09\\\/Medisonal-CE.svg\",\"width\":770,\"height\":163,\"caption\":\"MedisonalCE\"},\"image\":{\"@id\":\"https:\\\/\\\/medisonalce.com\\\/#\\\/schema\\\/logo\\\/image\\\/\"}}]}<\/script>\n<!-- \/ Yoast SEO plugin. -->","yoast_head_json":{"title":"M3 CZ - MedisonalCE","robots":{"index":"index","follow":"follow","max-snippet":"max-snippet:-1","max-image-preview":"max-image-preview:large","max-video-preview":"max-video-preview:-1"},"canonical":"https:\/\/medisonalce.com\/cs\/m3-cz\/","og_locale":"cs_CZ","og_type":"article","og_title":"M3 CZ - MedisonalCE","og_description":"Edit Column \u00a0\u00a0 M3 Czech Republic is Medisonal\u2019s guide to the Czech medical cannabis prescription process. It is tailored specifically to Czech doctors, addressing the intricacies of the country\u2019s medical cannabis landscape.\u00a0 It provides Czech medical professionals with a full walk through of how to prescribe medical cannabis, simplifying what is otherwise a complex procedure. &hellip; M3 CZ Pokra\u010dovat ve \u010dten\u00ed &raquo;","og_url":"https:\/\/medisonalce.com\/cs\/m3-cz\/","og_site_name":"MedisonalCE","article_modified_time":"2023-09-15T13:44:01+00:00","og_image":[{"url":"https:\/\/medisonalce.com\/wp-content\/uploads\/2023\/09\/m3-logo39.svg","type":"","width":"","height":""}],"twitter_card":"summary_large_image","twitter_misc":{"Odhadovan\u00e1 doba \u010dten\u00ed":"3 minuty"},"schema":{"@context":"https:\/\/schema.org","@graph":[{"@type":"WebPage","@id":"https:\/\/medisonalce.com\/m3-cz\/","url":"https:\/\/medisonalce.com\/m3-cz\/","name":"M3 CZ - MedisonalCE","isPartOf":{"@id":"https:\/\/medisonalce.com\/#website"},"primaryImageOfPage":{"@id":"https:\/\/medisonalce.com\/m3-cz\/#primaryimage"},"image":{"@id":"https:\/\/medisonalce.com\/m3-cz\/#primaryimage"},"thumbnailUrl":"https:\/\/medisonalce.com\/wp-content\/uploads\/2023\/09\/m3-logo39.svg","datePublished":"2023-09-01T14:27:58+00:00","dateModified":"2023-09-15T13:44:01+00:00","breadcrumb":{"@id":"https:\/\/medisonalce.com\/m3-cz\/#breadcrumb"},"inLanguage":"cs","potentialAction":[{"@type":"ReadAction","target":["https:\/\/medisonalce.com\/m3-cz\/"]}]},{"@type":"ImageObject","inLanguage":"cs","@id":"https:\/\/medisonalce.com\/m3-cz\/#primaryimage","url":"https:\/\/medisonalce.com\/wp-content\/uploads\/2023\/09\/m3-logo39.svg","contentUrl":"https:\/\/medisonalce.com\/wp-content\/uploads\/2023\/09\/m3-logo39.svg"},{"@type":"BreadcrumbList","@id":"https:\/\/medisonalce.com\/m3-cz\/#breadcrumb","itemListElement":[{"@type":"ListItem","position":1,"name":"Home","item":"https:\/\/medisonalce.com\/"},{"@type":"ListItem","position":2,"name":"M3 CZ"}]},{"@type":"WebSite","@id":"https:\/\/medisonalce.com\/#website","url":"https:\/\/medisonalce.com\/","name":"MedisonalCE","description":"","publisher":{"@id":"https:\/\/medisonalce.com\/#organization"},"potentialAction":[{"@type":"SearchAction","target":{"@type":"EntryPoint","urlTemplate":"https:\/\/medisonalce.com\/?s={search_term_string}"},"query-input":{"@type":"PropertyValueSpecification","valueRequired":true,"valueName":"search_term_string"}}],"inLanguage":"cs"},{"@type":"Organization","@id":"https:\/\/medisonalce.com\/#organization","name":"MedisonalCE","url":"https:\/\/medisonalce.com\/","logo":{"@type":"ImageObject","inLanguage":"cs","@id":"https:\/\/medisonalce.com\/#\/schema\/logo\/image\/","url":"https:\/\/medisonalce.com\/wp-content\/uploads\/2023\/09\/Medisonal-CE.svg","contentUrl":"https:\/\/medisonalce.com\/wp-content\/uploads\/2023\/09\/Medisonal-CE.svg","width":770,"height":163,"caption":"MedisonalCE"},"image":{"@id":"https:\/\/medisonalce.com\/#\/schema\/logo\/image\/"}}]}},"jetpack_sharing_enabled":true,"_links":{"self":[{"href":"https:\/\/medisonalce.com\/cs\/wp-json\/wp\/v2\/pages\/20","targetHints":{"allow":["GET"]}}],"collection":[{"href":"https:\/\/medisonalce.com\/cs\/wp-json\/wp\/v2\/pages"}],"about":[{"href":"https:\/\/medisonalce.com\/cs\/wp-json\/wp\/v2\/types\/page"}],"author":[{"embeddable":true,"href":"https:\/\/medisonalce.com\/cs\/wp-json\/wp\/v2\/users\/2"}],"replies":[{"embeddable":true,"href":"https:\/\/medisonalce.com\/cs\/wp-json\/wp\/v2\/comments?post=20"}],"version-history":[{"count":20,"href":"https:\/\/medisonalce.com\/cs\/wp-json\/wp\/v2\/pages\/20\/revisions"}],"predecessor-version":[{"id":318,"href":"https:\/\/medisonalce.com\/cs\/wp-json\/wp\/v2\/pages\/20\/revisions\/318"}],"wp:attachment":[{"href":"https:\/\/medisonalce.com\/cs\/wp-json\/wp\/v2\/media?parent=20"}],"curies":[{"name":"wp","href":"https:\/\/api.w.org\/{rel}","templated":true}]}}