{"id":214,"date":"2023-09-12T14:40:23","date_gmt":"2023-09-12T14:40:23","guid":{"rendered":"https:\/\/medisonalce.com\/?page_id=214"},"modified":"2023-09-12T15:13:45","modified_gmt":"2023-09-12T15:13:45","slug":"m3-poland","status":"publish","type":"page","link":"https:\/\/medisonalce.com\/cs\/m3-poland\/","title":{"rendered":"M3 Polsko"},"content":{"rendered":"<div data-elementor-type=\"wp-page\" data-elementor-id=\"214\" class=\"elementor elementor-214\" data-elementor-post-type=\"page\">\n\t\t\t\t\t\t<section class=\"elementor-section elementor-top-section elementor-element elementor-element-50ad17a elementor-section-boxed elementor-section-height-default elementor-section-height-default\" data-id=\"50ad17a\" data-element_type=\"section\">\n\t\t\t\t\t\t<div class=\"elementor-container elementor-column-gap-default\">\n\t\t\t\t\t<div class=\"elementor-column elementor-col-100 elementor-top-column elementor-element elementor-element-103a6eb\" data-id=\"103a6eb\" data-element_type=\"column\">\n\t\t\t<div class=\"elementor-widget-wrap elementor-element-populated\">\n\t\t\t\t\t\t<div class=\"elementor-element elementor-element-401f13e elementor-widget elementor-widget-heading\" data-id=\"401f13e\" data-element_type=\"widget\" data-widget_type=\"heading.default\">\n\t\t\t\t<div class=\"elementor-widget-container\">\n\t\t\t\t\t<h2 class=\"elementor-heading-title elementor-size-xxl\">M3 Polsko<\/h2>\t\t\t\t<\/div>\n\t\t\t\t<\/div>\n\t\t\t\t\t<\/div>\n\t\t<\/div>\n\t\t\t\t\t<\/div>\n\t\t<\/section>\n\t\t\t\t<section class=\"elementor-section elementor-top-section elementor-element elementor-element-4cf90f3 elementor-section-boxed elementor-section-height-default elementor-section-height-default\" data-id=\"4cf90f3\" data-element_type=\"section\">\n\t\t\t\t\t\t<div class=\"elementor-container elementor-column-gap-default\">\n\t\t\t\t\t<div class=\"elementor-column elementor-col-100 elementor-top-column elementor-element elementor-element-0a9503d\" data-id=\"0a9503d\" data-element_type=\"column\">\n\t\t\t<div class=\"elementor-widget-wrap elementor-element-populated\">\n\t\t\t\t\t\t<div class=\"elementor-element elementor-element-2c963c3 elementor-widget elementor-widget-text-editor\" data-id=\"2c963c3\" data-element_type=\"widget\" data-widget_type=\"text-editor.default\">\n\t\t\t\t<div class=\"elementor-widget-container\">\n\t\t\t\t\t\t\t\t\t<p>Ji\u017e brzy<\/p>\t\t\t\t\t\t\t\t<\/div>\n\t\t\t\t<\/div>\n\t\t\t\t\t<\/div>\n\t\t<\/div>\n\t\t\t\t\t<\/div>\n\t\t<\/section>\n\t\t\t\t<\/div>","protected":false},"excerpt":{"rendered":"<p>M3 Poland Coming soon<\/p>","protected":false},"author":5,"featured_media":0,"parent":0,"menu_order":0,"comment_status":"closed","ping_status":"closed","template":"","meta":{"inline_featured_image":false,"site-sidebar-layout":"no-sidebar","site-content-layout":"","ast-site-content-layout":"full-width-container","site-content-style":"default","site-sidebar-style":"default","ast-global-header-display":"","ast-banner-title-visibility":"","ast-main-header-display":"","ast-hfb-above-header-display":"","ast-hfb-below-header-display":"","ast-hfb-mobile-header-display":"","site-post-title":"disabled","ast-breadcrumbs-content":"","ast-featured-img":"disabled","footer-sml-layout":"","theme-transparent-header-meta":"","adv-header-id-meta":"","stick-header-meta":"","header-above-stick-meta":"","header-main-stick-meta":"","header-below-stick-meta":"","astra-migrate-meta-layouts":"","footnotes":""},"class_list":["post-214","page","type-page","status-publish","hentry"],"yoast_head":"<!-- This site is optimized with the Yoast SEO plugin v27.4 - https:\/\/yoast.com\/product\/yoast-seo-wordpress\/ -->\n<title>M3 Poland - MedisonalCE<\/title>\n<meta name=\"robots\" content=\"index, follow, max-snippet:-1, max-image-preview:large, max-video-preview:-1\" \/>\n<link rel=\"canonical\" href=\"https:\/\/medisonalce.com\/cs\/m3-poland\/\" \/>\n<meta property=\"og:locale\" content=\"cs_CZ\" \/>\n<meta property=\"og:type\" content=\"article\" \/>\n<meta property=\"og:title\" content=\"M3 Poland - MedisonalCE\" \/>\n<meta property=\"og:description\" content=\"M3 Poland Coming soon\" \/>\n<meta property=\"og:url\" content=\"https:\/\/medisonalce.com\/cs\/m3-poland\/\" \/>\n<meta property=\"og:site_name\" content=\"MedisonalCE\" \/>\n<meta property=\"article:modified_time\" content=\"2023-09-12T15:13:45+00:00\" \/>\n<meta name=\"twitter:card\" content=\"summary_large_image\" \/>\n<meta name=\"twitter:label1\" content=\"Odhadovan\u00e1 doba \u010dten\u00ed\" \/>\n\t<meta name=\"twitter:data1\" content=\"1 minuta\" \/>\n<script type=\"application\/ld+json\" class=\"yoast-schema-graph\">{\"@context\":\"https:\\\/\\\/schema.org\",\"@graph\":[{\"@type\":\"WebPage\",\"@id\":\"https:\\\/\\\/medisonalce.com\\\/m3-poland\\\/\",\"url\":\"https:\\\/\\\/medisonalce.com\\\/m3-poland\\\/\",\"name\":\"M3 Poland - MedisonalCE\",\"isPartOf\":{\"@id\":\"https:\\\/\\\/medisonalce.com\\\/#website\"},\"datePublished\":\"2023-09-12T14:40:23+00:00\",\"dateModified\":\"2023-09-12T15:13:45+00:00\",\"breadcrumb\":{\"@id\":\"https:\\\/\\\/medisonalce.com\\\/m3-poland\\\/#breadcrumb\"},\"inLanguage\":\"cs\",\"potentialAction\":[{\"@type\":\"ReadAction\",\"target\":[\"https:\\\/\\\/medisonalce.com\\\/m3-poland\\\/\"]}]},{\"@type\":\"BreadcrumbList\",\"@id\":\"https:\\\/\\\/medisonalce.com\\\/m3-poland\\\/#breadcrumb\",\"itemListElement\":[{\"@type\":\"ListItem\",\"position\":1,\"name\":\"Home\",\"item\":\"https:\\\/\\\/medisonalce.com\\\/\"},{\"@type\":\"ListItem\",\"position\":2,\"name\":\"M3 Poland\"}]},{\"@type\":\"WebSite\",\"@id\":\"https:\\\/\\\/medisonalce.com\\\/#website\",\"url\":\"https:\\\/\\\/medisonalce.com\\\/\",\"name\":\"MedisonalCE\",\"description\":\"\",\"publisher\":{\"@id\":\"https:\\\/\\\/medisonalce.com\\\/#organization\"},\"potentialAction\":[{\"@type\":\"SearchAction\",\"target\":{\"@type\":\"EntryPoint\",\"urlTemplate\":\"https:\\\/\\\/medisonalce.com\\\/?s={search_term_string}\"},\"query-input\":{\"@type\":\"PropertyValueSpecification\",\"valueRequired\":true,\"valueName\":\"search_term_string\"}}],\"inLanguage\":\"cs\"},{\"@type\":\"Organization\",\"@id\":\"https:\\\/\\\/medisonalce.com\\\/#organization\",\"name\":\"MedisonalCE\",\"url\":\"https:\\\/\\\/medisonalce.com\\\/\",\"logo\":{\"@type\":\"ImageObject\",\"inLanguage\":\"cs\",\"@id\":\"https:\\\/\\\/medisonalce.com\\\/#\\\/schema\\\/logo\\\/image\\\/\",\"url\":\"https:\\\/\\\/medisonalce.com\\\/wp-content\\\/uploads\\\/2023\\\/09\\\/Medisonal-CE.svg\",\"contentUrl\":\"https:\\\/\\\/medisonalce.com\\\/wp-content\\\/uploads\\\/2023\\\/09\\\/Medisonal-CE.svg\",\"width\":770,\"height\":163,\"caption\":\"MedisonalCE\"},\"image\":{\"@id\":\"https:\\\/\\\/medisonalce.com\\\/#\\\/schema\\\/logo\\\/image\\\/\"}}]}<\/script>\n<!-- \/ Yoast SEO plugin. -->","yoast_head_json":{"title":"M3 Poland - MedisonalCE","robots":{"index":"index","follow":"follow","max-snippet":"max-snippet:-1","max-image-preview":"max-image-preview:large","max-video-preview":"max-video-preview:-1"},"canonical":"https:\/\/medisonalce.com\/cs\/m3-poland\/","og_locale":"cs_CZ","og_type":"article","og_title":"M3 Poland - MedisonalCE","og_description":"M3 Poland Coming soon","og_url":"https:\/\/medisonalce.com\/cs\/m3-poland\/","og_site_name":"MedisonalCE","article_modified_time":"2023-09-12T15:13:45+00:00","twitter_card":"summary_large_image","twitter_misc":{"Odhadovan\u00e1 doba \u010dten\u00ed":"1 minuta"},"schema":{"@context":"https:\/\/schema.org","@graph":[{"@type":"WebPage","@id":"https:\/\/medisonalce.com\/m3-poland\/","url":"https:\/\/medisonalce.com\/m3-poland\/","name":"M3 Poland - MedisonalCE","isPartOf":{"@id":"https:\/\/medisonalce.com\/#website"},"datePublished":"2023-09-12T14:40:23+00:00","dateModified":"2023-09-12T15:13:45+00:00","breadcrumb":{"@id":"https:\/\/medisonalce.com\/m3-poland\/#breadcrumb"},"inLanguage":"cs","potentialAction":[{"@type":"ReadAction","target":["https:\/\/medisonalce.com\/m3-poland\/"]}]},{"@type":"BreadcrumbList","@id":"https:\/\/medisonalce.com\/m3-poland\/#breadcrumb","itemListElement":[{"@type":"ListItem","position":1,"name":"Home","item":"https:\/\/medisonalce.com\/"},{"@type":"ListItem","position":2,"name":"M3 Poland"}]},{"@type":"WebSite","@id":"https:\/\/medisonalce.com\/#website","url":"https:\/\/medisonalce.com\/","name":"MedisonalCE","description":"","publisher":{"@id":"https:\/\/medisonalce.com\/#organization"},"potentialAction":[{"@type":"SearchAction","target":{"@type":"EntryPoint","urlTemplate":"https:\/\/medisonalce.com\/?s={search_term_string}"},"query-input":{"@type":"PropertyValueSpecification","valueRequired":true,"valueName":"search_term_string"}}],"inLanguage":"cs"},{"@type":"Organization","@id":"https:\/\/medisonalce.com\/#organization","name":"MedisonalCE","url":"https:\/\/medisonalce.com\/","logo":{"@type":"ImageObject","inLanguage":"cs","@id":"https:\/\/medisonalce.com\/#\/schema\/logo\/image\/","url":"https:\/\/medisonalce.com\/wp-content\/uploads\/2023\/09\/Medisonal-CE.svg","contentUrl":"https:\/\/medisonalce.com\/wp-content\/uploads\/2023\/09\/Medisonal-CE.svg","width":770,"height":163,"caption":"MedisonalCE"},"image":{"@id":"https:\/\/medisonalce.com\/#\/schema\/logo\/image\/"}}]}},"jetpack_sharing_enabled":true,"_links":{"self":[{"href":"https:\/\/medisonalce.com\/cs\/wp-json\/wp\/v2\/pages\/214","targetHints":{"allow":["GET"]}}],"collection":[{"href":"https:\/\/medisonalce.com\/cs\/wp-json\/wp\/v2\/pages"}],"about":[{"href":"https:\/\/medisonalce.com\/cs\/wp-json\/wp\/v2\/types\/page"}],"author":[{"embeddable":true,"href":"https:\/\/medisonalce.com\/cs\/wp-json\/wp\/v2\/users\/5"}],"replies":[{"embeddable":true,"href":"https:\/\/medisonalce.com\/cs\/wp-json\/wp\/v2\/comments?post=214"}],"version-history":[{"count":4,"href":"https:\/\/medisonalce.com\/cs\/wp-json\/wp\/v2\/pages\/214\/revisions"}],"predecessor-version":[{"id":218,"href":"https:\/\/medisonalce.com\/cs\/wp-json\/wp\/v2\/pages\/214\/revisions\/218"}],"wp:attachment":[{"href":"https:\/\/medisonalce.com\/cs\/wp-json\/wp\/v2\/media?parent=214"}],"curies":[{"name":"wp","href":"https:\/\/api.w.org\/{rel}","templated":true}]}}