{"id":230,"date":"2023-09-14T10:59:57","date_gmt":"2023-09-14T10:59:57","guid":{"rendered":"https:\/\/medisonalce.com\/?page_id=230"},"modified":"2023-09-15T09:25:59","modified_gmt":"2023-09-15T09:25:59","slug":"mie-poland","status":"publish","type":"page","link":"https:\/\/medisonalce.com\/cs\/mie-poland\/","title":{"rendered":"MIE Polsko"},"content":{"rendered":"<div data-elementor-type=\"wp-page\" data-elementor-id=\"230\" class=\"elementor elementor-230\" data-elementor-post-type=\"page\">\n\t\t\t\t\t\t<section class=\"elementor-section elementor-top-section elementor-element elementor-element-eed0aff elementor-section-boxed elementor-section-height-default elementor-section-height-default\" data-id=\"eed0aff\" data-element_type=\"section\">\n\t\t\t\t\t\t<div class=\"elementor-container elementor-column-gap-default\">\n\t\t\t\t\t<div class=\"elementor-column elementor-col-100 elementor-top-column elementor-element elementor-element-9e49134\" data-id=\"9e49134\" data-element_type=\"column\">\n\t\t\t<div class=\"elementor-widget-wrap elementor-element-populated\">\n\t\t\t\t\t\t<div class=\"elementor-element elementor-element-01faa7c elementor-widget elementor-widget-image\" data-id=\"01faa7c\" data-element_type=\"widget\" data-widget_type=\"image.default\">\n\t\t\t\t<div class=\"elementor-widget-container\">\n\t\t\t\t\t\t\t\t\t\t\t\t\t\t\t<img decoding=\"async\" width=\"221\" height=\"118\" src=\"https:\/\/medisonalce.com\/wp-content\/uploads\/2023\/09\/MIE-logo-New-white-bg.svg\" class=\"attachment-1536x1536 size-1536x1536 wp-image-262\" alt=\"\" \/>\t\t\t\t\t\t\t\t\t\t\t\t\t\t\t<\/div>\n\t\t\t\t<\/div>\n\t\t\t\t\t<\/div>\n\t\t<\/div>\n\t\t\t\t\t<\/div>\n\t\t<\/section>\n\t\t\t\t<section class=\"elementor-section elementor-top-section elementor-element elementor-element-65bf0a8 elementor-section-boxed elementor-section-height-default elementor-section-height-default\" data-id=\"65bf0a8\" data-element_type=\"section\">\n\t\t\t\t\t\t<div class=\"elementor-container elementor-column-gap-default\">\n\t\t\t\t\t<div class=\"elementor-column elementor-col-100 elementor-top-column elementor-element elementor-element-f4c1f00\" data-id=\"f4c1f00\" data-element_type=\"column\">\n\t\t\t<div class=\"elementor-widget-wrap elementor-element-populated\">\n\t\t\t\t\t\t<div class=\"elementor-element elementor-element-12e6c97 elementor-widget elementor-widget-heading\" data-id=\"12e6c97\" data-element_type=\"widget\" data-widget_type=\"heading.default\">\n\t\t\t\t<div class=\"elementor-widget-container\">\n\t\t\t\t\t<h2 class=\"elementor-heading-title elementor-size-default\">                              MIE Polsko <\/h2>\t\t\t\t<\/div>\n\t\t\t\t<\/div>\n\t\t\t\t\t<\/div>\n\t\t<\/div>\n\t\t\t\t\t<\/div>\n\t\t<\/section>\n\t\t\t\t<section class=\"elementor-section elementor-top-section elementor-element elementor-element-722768c elementor-section-boxed elementor-section-height-default elementor-section-height-default\" data-id=\"722768c\" data-element_type=\"section\">\n\t\t\t\t\t\t<div class=\"elementor-container elementor-column-gap-default\">\n\t\t\t\t\t<div class=\"elementor-column elementor-col-100 elementor-top-column elementor-element elementor-element-15bad62\" data-id=\"15bad62\" data-element_type=\"column\">\n\t\t\t<div class=\"elementor-widget-wrap elementor-element-populated\">\n\t\t\t\t\t\t<div class=\"elementor-element elementor-element-2ce9c7e elementor-widget elementor-widget-text-editor\" data-id=\"2ce9c7e\" data-element_type=\"widget\" data-widget_type=\"text-editor.default\">\n\t\t\t\t<div class=\"elementor-widget-container\">\n\t\t\t\t\t\t\t\t\t<p><strong>Co<\/strong><b>ming soon<\/b><\/p>\t\t\t\t\t\t\t\t<\/div>\n\t\t\t\t<\/div>\n\t\t\t\t\t<\/div>\n\t\t<\/div>\n\t\t\t\t\t<\/div>\n\t\t<\/section>\n\t\t\t\t<\/div>","protected":false},"excerpt":{"rendered":"<p>MIE Poland Coming soon<\/p>","protected":false},"author":5,"featured_media":0,"parent":0,"menu_order":0,"comment_status":"closed","ping_status":"closed","template":"","meta":{"inline_featured_image":false,"site-sidebar-layout":"no-sidebar","site-content-layout":"","ast-site-content-layout":"full-width-container","site-content-style":"default","site-sidebar-style":"default","ast-global-header-display":"","ast-banner-title-visibility":"","ast-main-header-display":"","ast-hfb-above-header-display":"","ast-hfb-below-header-display":"","ast-hfb-mobile-header-display":"","site-post-title":"disabled","ast-breadcrumbs-content":"","ast-featured-img":"disabled","footer-sml-layout":"","theme-transparent-header-meta":"","adv-header-id-meta":"","stick-header-meta":"","header-above-stick-meta":"","header-main-stick-meta":"","header-below-stick-meta":"","astra-migrate-meta-layouts":"","footnotes":""},"class_list":["post-230","page","type-page","status-publish","hentry"],"yoast_head":"<!-- This site is optimized with the Yoast SEO plugin v27.4 - https:\/\/yoast.com\/product\/yoast-seo-wordpress\/ -->\n<title>MIE Poland - MedisonalCE<\/title>\n<meta name=\"robots\" content=\"index, follow, max-snippet:-1, max-image-preview:large, max-video-preview:-1\" \/>\n<link rel=\"canonical\" href=\"https:\/\/medisonalce.com\/cs\/mie-poland\/\" \/>\n<meta property=\"og:locale\" content=\"cs_CZ\" \/>\n<meta property=\"og:type\" content=\"article\" \/>\n<meta property=\"og:title\" content=\"MIE Poland - MedisonalCE\" \/>\n<meta property=\"og:description\" content=\"MIE Poland Coming soon\" \/>\n<meta property=\"og:url\" content=\"https:\/\/medisonalce.com\/cs\/mie-poland\/\" \/>\n<meta property=\"og:site_name\" content=\"MedisonalCE\" \/>\n<meta property=\"article:modified_time\" content=\"2023-09-15T09:25:59+00:00\" \/>\n<meta property=\"og:image\" content=\"https:\/\/medisonalce.com\/wp-content\/uploads\/2023\/09\/MIE-logo-New-white-bg.svg\" \/>\n<meta name=\"twitter:card\" content=\"summary_large_image\" \/>\n<meta name=\"twitter:label1\" content=\"Odhadovan\u00e1 doba \u010dten\u00ed\" \/>\n\t<meta name=\"twitter:data1\" content=\"1 minuta\" \/>\n<script type=\"application\/ld+json\" class=\"yoast-schema-graph\">{\"@context\":\"https:\\\/\\\/schema.org\",\"@graph\":[{\"@type\":\"WebPage\",\"@id\":\"https:\\\/\\\/medisonalce.com\\\/mie-poland\\\/\",\"url\":\"https:\\\/\\\/medisonalce.com\\\/mie-poland\\\/\",\"name\":\"MIE Poland - MedisonalCE\",\"isPartOf\":{\"@id\":\"https:\\\/\\\/medisonalce.com\\\/#website\"},\"primaryImageOfPage\":{\"@id\":\"https:\\\/\\\/medisonalce.com\\\/mie-poland\\\/#primaryimage\"},\"image\":{\"@id\":\"https:\\\/\\\/medisonalce.com\\\/mie-poland\\\/#primaryimage\"},\"thumbnailUrl\":\"https:\\\/\\\/medisonalce.com\\\/wp-content\\\/uploads\\\/2023\\\/09\\\/MIE-logo-New-white-bg.svg\",\"datePublished\":\"2023-09-14T10:59:57+00:00\",\"dateModified\":\"2023-09-15T09:25:59+00:00\",\"breadcrumb\":{\"@id\":\"https:\\\/\\\/medisonalce.com\\\/mie-poland\\\/#breadcrumb\"},\"inLanguage\":\"cs\",\"potentialAction\":[{\"@type\":\"ReadAction\",\"target\":[\"https:\\\/\\\/medisonalce.com\\\/mie-poland\\\/\"]}]},{\"@type\":\"ImageObject\",\"inLanguage\":\"cs\",\"@id\":\"https:\\\/\\\/medisonalce.com\\\/mie-poland\\\/#primaryimage\",\"url\":\"https:\\\/\\\/medisonalce.com\\\/wp-content\\\/uploads\\\/2023\\\/09\\\/MIE-logo-New-white-bg.svg\",\"contentUrl\":\"https:\\\/\\\/medisonalce.com\\\/wp-content\\\/uploads\\\/2023\\\/09\\\/MIE-logo-New-white-bg.svg\"},{\"@type\":\"BreadcrumbList\",\"@id\":\"https:\\\/\\\/medisonalce.com\\\/mie-poland\\\/#breadcrumb\",\"itemListElement\":[{\"@type\":\"ListItem\",\"position\":1,\"name\":\"Home\",\"item\":\"https:\\\/\\\/medisonalce.com\\\/\"},{\"@type\":\"ListItem\",\"position\":2,\"name\":\"MIE Poland\"}]},{\"@type\":\"WebSite\",\"@id\":\"https:\\\/\\\/medisonalce.com\\\/#website\",\"url\":\"https:\\\/\\\/medisonalce.com\\\/\",\"name\":\"MedisonalCE\",\"description\":\"\",\"publisher\":{\"@id\":\"https:\\\/\\\/medisonalce.com\\\/#organization\"},\"potentialAction\":[{\"@type\":\"SearchAction\",\"target\":{\"@type\":\"EntryPoint\",\"urlTemplate\":\"https:\\\/\\\/medisonalce.com\\\/?s={search_term_string}\"},\"query-input\":{\"@type\":\"PropertyValueSpecification\",\"valueRequired\":true,\"valueName\":\"search_term_string\"}}],\"inLanguage\":\"cs\"},{\"@type\":\"Organization\",\"@id\":\"https:\\\/\\\/medisonalce.com\\\/#organization\",\"name\":\"MedisonalCE\",\"url\":\"https:\\\/\\\/medisonalce.com\\\/\",\"logo\":{\"@type\":\"ImageObject\",\"inLanguage\":\"cs\",\"@id\":\"https:\\\/\\\/medisonalce.com\\\/#\\\/schema\\\/logo\\\/image\\\/\",\"url\":\"https:\\\/\\\/medisonalce.com\\\/wp-content\\\/uploads\\\/2023\\\/09\\\/Medisonal-CE.svg\",\"contentUrl\":\"https:\\\/\\\/medisonalce.com\\\/wp-content\\\/uploads\\\/2023\\\/09\\\/Medisonal-CE.svg\",\"width\":770,\"height\":163,\"caption\":\"MedisonalCE\"},\"image\":{\"@id\":\"https:\\\/\\\/medisonalce.com\\\/#\\\/schema\\\/logo\\\/image\\\/\"}}]}<\/script>\n<!-- \/ Yoast SEO plugin. -->","yoast_head_json":{"title":"MIE Poland - MedisonalCE","robots":{"index":"index","follow":"follow","max-snippet":"max-snippet:-1","max-image-preview":"max-image-preview:large","max-video-preview":"max-video-preview:-1"},"canonical":"https:\/\/medisonalce.com\/cs\/mie-poland\/","og_locale":"cs_CZ","og_type":"article","og_title":"MIE Poland - MedisonalCE","og_description":"MIE Poland Coming soon","og_url":"https:\/\/medisonalce.com\/cs\/mie-poland\/","og_site_name":"MedisonalCE","article_modified_time":"2023-09-15T09:25:59+00:00","og_image":[{"url":"https:\/\/medisonalce.com\/wp-content\/uploads\/2023\/09\/MIE-logo-New-white-bg.svg","type":"","width":"","height":""}],"twitter_card":"summary_large_image","twitter_misc":{"Odhadovan\u00e1 doba \u010dten\u00ed":"1 minuta"},"schema":{"@context":"https:\/\/schema.org","@graph":[{"@type":"WebPage","@id":"https:\/\/medisonalce.com\/mie-poland\/","url":"https:\/\/medisonalce.com\/mie-poland\/","name":"MIE Poland - MedisonalCE","isPartOf":{"@id":"https:\/\/medisonalce.com\/#website"},"primaryImageOfPage":{"@id":"https:\/\/medisonalce.com\/mie-poland\/#primaryimage"},"image":{"@id":"https:\/\/medisonalce.com\/mie-poland\/#primaryimage"},"thumbnailUrl":"https:\/\/medisonalce.com\/wp-content\/uploads\/2023\/09\/MIE-logo-New-white-bg.svg","datePublished":"2023-09-14T10:59:57+00:00","dateModified":"2023-09-15T09:25:59+00:00","breadcrumb":{"@id":"https:\/\/medisonalce.com\/mie-poland\/#breadcrumb"},"inLanguage":"cs","potentialAction":[{"@type":"ReadAction","target":["https:\/\/medisonalce.com\/mie-poland\/"]}]},{"@type":"ImageObject","inLanguage":"cs","@id":"https:\/\/medisonalce.com\/mie-poland\/#primaryimage","url":"https:\/\/medisonalce.com\/wp-content\/uploads\/2023\/09\/MIE-logo-New-white-bg.svg","contentUrl":"https:\/\/medisonalce.com\/wp-content\/uploads\/2023\/09\/MIE-logo-New-white-bg.svg"},{"@type":"BreadcrumbList","@id":"https:\/\/medisonalce.com\/mie-poland\/#breadcrumb","itemListElement":[{"@type":"ListItem","position":1,"name":"Home","item":"https:\/\/medisonalce.com\/"},{"@type":"ListItem","position":2,"name":"MIE Poland"}]},{"@type":"WebSite","@id":"https:\/\/medisonalce.com\/#website","url":"https:\/\/medisonalce.com\/","name":"MedisonalCE","description":"","publisher":{"@id":"https:\/\/medisonalce.com\/#organization"},"potentialAction":[{"@type":"SearchAction","target":{"@type":"EntryPoint","urlTemplate":"https:\/\/medisonalce.com\/?s={search_term_string}"},"query-input":{"@type":"PropertyValueSpecification","valueRequired":true,"valueName":"search_term_string"}}],"inLanguage":"cs"},{"@type":"Organization","@id":"https:\/\/medisonalce.com\/#organization","name":"MedisonalCE","url":"https:\/\/medisonalce.com\/","logo":{"@type":"ImageObject","inLanguage":"cs","@id":"https:\/\/medisonalce.com\/#\/schema\/logo\/image\/","url":"https:\/\/medisonalce.com\/wp-content\/uploads\/2023\/09\/Medisonal-CE.svg","contentUrl":"https:\/\/medisonalce.com\/wp-content\/uploads\/2023\/09\/Medisonal-CE.svg","width":770,"height":163,"caption":"MedisonalCE"},"image":{"@id":"https:\/\/medisonalce.com\/#\/schema\/logo\/image\/"}}]}},"jetpack_sharing_enabled":true,"_links":{"self":[{"href":"https:\/\/medisonalce.com\/cs\/wp-json\/wp\/v2\/pages\/230","targetHints":{"allow":["GET"]}}],"collection":[{"href":"https:\/\/medisonalce.com\/cs\/wp-json\/wp\/v2\/pages"}],"about":[{"href":"https:\/\/medisonalce.com\/cs\/wp-json\/wp\/v2\/types\/page"}],"author":[{"embeddable":true,"href":"https:\/\/medisonalce.com\/cs\/wp-json\/wp\/v2\/users\/5"}],"replies":[{"embeddable":true,"href":"https:\/\/medisonalce.com\/cs\/wp-json\/wp\/v2\/comments?post=230"}],"version-history":[{"count":10,"href":"https:\/\/medisonalce.com\/cs\/wp-json\/wp\/v2\/pages\/230\/revisions"}],"predecessor-version":[{"id":288,"href":"https:\/\/medisonalce.com\/cs\/wp-json\/wp\/v2\/pages\/230\/revisions\/288"}],"wp:attachment":[{"href":"https:\/\/medisonalce.com\/cs\/wp-json\/wp\/v2\/media?parent=230"}],"curies":[{"name":"wp","href":"https:\/\/api.w.org\/{rel}","templated":true}]}}