{"id":238,"date":"2023-09-14T11:08:51","date_gmt":"2023-09-14T11:08:51","guid":{"rendered":"https:\/\/medisonalce.com\/?page_id=238"},"modified":"2023-09-15T09:25:13","modified_gmt":"2023-09-15T09:25:13","slug":"mie-germany","status":"publish","type":"page","link":"https:\/\/medisonalce.com\/cs\/mie-germany\/","title":{"rendered":"MIE N\u011bmecko"},"content":{"rendered":"<div data-elementor-type=\"wp-page\" data-elementor-id=\"238\" class=\"elementor elementor-238\" data-elementor-post-type=\"page\">\n\t\t\t\t\t\t<section class=\"elementor-section elementor-top-section elementor-element elementor-element-7b2f114 elementor-section-boxed elementor-section-height-default elementor-section-height-default\" data-id=\"7b2f114\" data-element_type=\"section\">\n\t\t\t\t\t\t<div class=\"elementor-container elementor-column-gap-default\">\n\t\t\t\t\t<div class=\"elementor-column elementor-col-100 elementor-top-column elementor-element elementor-element-3e6631d\" data-id=\"3e6631d\" data-element_type=\"column\">\n\t\t\t<div class=\"elementor-widget-wrap elementor-element-populated\">\n\t\t\t\t\t\t<div class=\"elementor-element elementor-element-5d11fff elementor-widget elementor-widget-image\" data-id=\"5d11fff\" data-element_type=\"widget\" data-widget_type=\"image.default\">\n\t\t\t\t<div class=\"elementor-widget-container\">\n\t\t\t\t\t\t\t\t\t\t\t\t\t\t\t<img decoding=\"async\" width=\"221\" height=\"118\" src=\"https:\/\/medisonalce.com\/wp-content\/uploads\/2023\/09\/MIE-logo-New-white-bg.svg\" class=\"attachment-2048x2048 size-2048x2048 wp-image-262\" alt=\"\" \/>\t\t\t\t\t\t\t\t\t\t\t\t\t\t\t<\/div>\n\t\t\t\t<\/div>\n\t\t\t\t\t<\/div>\n\t\t<\/div>\n\t\t\t\t\t<\/div>\n\t\t<\/section>\n\t\t\t\t<section class=\"elementor-section elementor-top-section elementor-element elementor-element-3d9dfce elementor-section-boxed elementor-section-height-default elementor-section-height-default\" data-id=\"3d9dfce\" data-element_type=\"section\">\n\t\t\t\t\t\t<div class=\"elementor-container elementor-column-gap-default\">\n\t\t\t\t\t<div class=\"elementor-column elementor-col-100 elementor-top-column elementor-element elementor-element-f419de1\" data-id=\"f419de1\" data-element_type=\"column\">\n\t\t\t<div class=\"elementor-widget-wrap elementor-element-populated\">\n\t\t\t\t\t\t<div class=\"elementor-element elementor-element-4ab19b3 elementor-widget elementor-widget-heading\" data-id=\"4ab19b3\" data-element_type=\"widget\" data-widget_type=\"heading.default\">\n\t\t\t\t<div class=\"elementor-widget-container\">\n\t\t\t\t\t<h2 class=\"elementor-heading-title elementor-size-default\">MIE N\u011bmecko<\/h2>\t\t\t\t<\/div>\n\t\t\t\t<\/div>\n\t\t\t\t\t<\/div>\n\t\t<\/div>\n\t\t\t\t\t<\/div>\n\t\t<\/section>\n\t\t\t\t<section class=\"elementor-section elementor-top-section elementor-element elementor-element-db8b366 elementor-section-boxed elementor-section-height-default elementor-section-height-default\" data-id=\"db8b366\" data-element_type=\"section\">\n\t\t\t\t\t\t<div class=\"elementor-container elementor-column-gap-default\">\n\t\t\t\t\t<div class=\"elementor-column elementor-col-100 elementor-top-column elementor-element elementor-element-19ec5b2\" data-id=\"19ec5b2\" data-element_type=\"column\">\n\t\t\t<div class=\"elementor-widget-wrap elementor-element-populated\">\n\t\t\t\t\t\t<div class=\"elementor-element elementor-element-164d523 elementor-widget elementor-widget-text-editor\" data-id=\"164d523\" data-element_type=\"widget\" data-widget_type=\"text-editor.default\">\n\t\t\t\t<div class=\"elementor-widget-container\">\n\t\t\t\t\t\t\t\t\t<p><strong>Ji\u017e brzy<\/strong><\/p>\t\t\t\t\t\t\t\t<\/div>\n\t\t\t\t<\/div>\n\t\t\t\t\t<\/div>\n\t\t<\/div>\n\t\t\t\t\t<\/div>\n\t\t<\/section>\n\t\t\t\t<section class=\"elementor-section elementor-top-section elementor-element elementor-element-d7ed041 elementor-section-boxed elementor-section-height-default elementor-section-height-default\" data-id=\"d7ed041\" data-element_type=\"section\">\n\t\t\t\t\t\t<div class=\"elementor-container elementor-column-gap-default\">\n\t\t\t\t\t<div class=\"elementor-column elementor-col-100 elementor-top-column elementor-element elementor-element-6a5b209\" data-id=\"6a5b209\" data-element_type=\"column\">\n\t\t\t<div class=\"elementor-widget-wrap elementor-element-populated\">\n\t\t\t\t\t\t<div class=\"elementor-element elementor-element-bb94219 elementor-widget elementor-widget-spacer\" data-id=\"bb94219\" data-element_type=\"widget\" data-widget_type=\"spacer.default\">\n\t\t\t\t<div class=\"elementor-widget-container\">\n\t\t\t\t\t\t\t<div class=\"elementor-spacer\">\n\t\t\t<div class=\"elementor-spacer-inner\"><\/div>\n\t\t<\/div>\n\t\t\t\t\t\t<\/div>\n\t\t\t\t<\/div>\n\t\t\t\t\t<\/div>\n\t\t<\/div>\n\t\t\t\t\t<\/div>\n\t\t<\/section>\n\t\t\t\t<\/div>","protected":false},"excerpt":{"rendered":"<p>MIE Germany Coming soon<\/p>","protected":false},"author":5,"featured_media":0,"parent":0,"menu_order":0,"comment_status":"closed","ping_status":"closed","template":"","meta":{"inline_featured_image":false,"site-sidebar-layout":"no-sidebar","site-content-layout":"","ast-site-content-layout":"full-width-container","site-content-style":"default","site-sidebar-style":"default","ast-global-header-display":"","ast-banner-title-visibility":"","ast-main-header-display":"","ast-hfb-above-header-display":"","ast-hfb-below-header-display":"","ast-hfb-mobile-header-display":"","site-post-title":"disabled","ast-breadcrumbs-content":"","ast-featured-img":"disabled","footer-sml-layout":"","theme-transparent-header-meta":"","adv-header-id-meta":"","stick-header-meta":"","header-above-stick-meta":"","header-main-stick-meta":"","header-below-stick-meta":"","astra-migrate-meta-layouts":"","footnotes":""},"class_list":["post-238","page","type-page","status-publish","hentry"],"yoast_head":"<!-- This site is optimized with the Yoast SEO plugin v27.4 - https:\/\/yoast.com\/product\/yoast-seo-wordpress\/ -->\n<title>MIE Germany - MedisonalCE<\/title>\n<meta name=\"robots\" content=\"index, follow, max-snippet:-1, max-image-preview:large, max-video-preview:-1\" \/>\n<link rel=\"canonical\" href=\"https:\/\/medisonalce.com\/cs\/mie-germany\/\" \/>\n<meta property=\"og:locale\" content=\"cs_CZ\" \/>\n<meta property=\"og:type\" content=\"article\" \/>\n<meta property=\"og:title\" content=\"MIE Germany - MedisonalCE\" \/>\n<meta property=\"og:description\" content=\"MIE Germany Coming soon\" \/>\n<meta property=\"og:url\" content=\"https:\/\/medisonalce.com\/cs\/mie-germany\/\" \/>\n<meta property=\"og:site_name\" content=\"MedisonalCE\" \/>\n<meta property=\"article:modified_time\" content=\"2023-09-15T09:25:13+00:00\" \/>\n<meta property=\"og:image\" content=\"https:\/\/medisonalce.com\/wp-content\/uploads\/2023\/09\/MIE-logo-New-white-bg.svg\" \/>\n<meta name=\"twitter:card\" content=\"summary_large_image\" \/>\n<meta name=\"twitter:label1\" content=\"Odhadovan\u00e1 doba \u010dten\u00ed\" \/>\n\t<meta name=\"twitter:data1\" content=\"1 minuta\" \/>\n<script type=\"application\/ld+json\" class=\"yoast-schema-graph\">{\"@context\":\"https:\\\/\\\/schema.org\",\"@graph\":[{\"@type\":\"WebPage\",\"@id\":\"https:\\\/\\\/medisonalce.com\\\/mie-germany\\\/\",\"url\":\"https:\\\/\\\/medisonalce.com\\\/mie-germany\\\/\",\"name\":\"MIE Germany - MedisonalCE\",\"isPartOf\":{\"@id\":\"https:\\\/\\\/medisonalce.com\\\/#website\"},\"primaryImageOfPage\":{\"@id\":\"https:\\\/\\\/medisonalce.com\\\/mie-germany\\\/#primaryimage\"},\"image\":{\"@id\":\"https:\\\/\\\/medisonalce.com\\\/mie-germany\\\/#primaryimage\"},\"thumbnailUrl\":\"https:\\\/\\\/medisonalce.com\\\/wp-content\\\/uploads\\\/2023\\\/09\\\/MIE-logo-New-white-bg.svg\",\"datePublished\":\"2023-09-14T11:08:51+00:00\",\"dateModified\":\"2023-09-15T09:25:13+00:00\",\"breadcrumb\":{\"@id\":\"https:\\\/\\\/medisonalce.com\\\/mie-germany\\\/#breadcrumb\"},\"inLanguage\":\"cs\",\"potentialAction\":[{\"@type\":\"ReadAction\",\"target\":[\"https:\\\/\\\/medisonalce.com\\\/mie-germany\\\/\"]}]},{\"@type\":\"ImageObject\",\"inLanguage\":\"cs\",\"@id\":\"https:\\\/\\\/medisonalce.com\\\/mie-germany\\\/#primaryimage\",\"url\":\"https:\\\/\\\/medisonalce.com\\\/wp-content\\\/uploads\\\/2023\\\/09\\\/MIE-logo-New-white-bg.svg\",\"contentUrl\":\"https:\\\/\\\/medisonalce.com\\\/wp-content\\\/uploads\\\/2023\\\/09\\\/MIE-logo-New-white-bg.svg\"},{\"@type\":\"BreadcrumbList\",\"@id\":\"https:\\\/\\\/medisonalce.com\\\/mie-germany\\\/#breadcrumb\",\"itemListElement\":[{\"@type\":\"ListItem\",\"position\":1,\"name\":\"Home\",\"item\":\"https:\\\/\\\/medisonalce.com\\\/\"},{\"@type\":\"ListItem\",\"position\":2,\"name\":\"MIE Germany\"}]},{\"@type\":\"WebSite\",\"@id\":\"https:\\\/\\\/medisonalce.com\\\/#website\",\"url\":\"https:\\\/\\\/medisonalce.com\\\/\",\"name\":\"MedisonalCE\",\"description\":\"\",\"publisher\":{\"@id\":\"https:\\\/\\\/medisonalce.com\\\/#organization\"},\"potentialAction\":[{\"@type\":\"SearchAction\",\"target\":{\"@type\":\"EntryPoint\",\"urlTemplate\":\"https:\\\/\\\/medisonalce.com\\\/?s={search_term_string}\"},\"query-input\":{\"@type\":\"PropertyValueSpecification\",\"valueRequired\":true,\"valueName\":\"search_term_string\"}}],\"inLanguage\":\"cs\"},{\"@type\":\"Organization\",\"@id\":\"https:\\\/\\\/medisonalce.com\\\/#organization\",\"name\":\"MedisonalCE\",\"url\":\"https:\\\/\\\/medisonalce.com\\\/\",\"logo\":{\"@type\":\"ImageObject\",\"inLanguage\":\"cs\",\"@id\":\"https:\\\/\\\/medisonalce.com\\\/#\\\/schema\\\/logo\\\/image\\\/\",\"url\":\"https:\\\/\\\/medisonalce.com\\\/wp-content\\\/uploads\\\/2023\\\/09\\\/Medisonal-CE.svg\",\"contentUrl\":\"https:\\\/\\\/medisonalce.com\\\/wp-content\\\/uploads\\\/2023\\\/09\\\/Medisonal-CE.svg\",\"width\":770,\"height\":163,\"caption\":\"MedisonalCE\"},\"image\":{\"@id\":\"https:\\\/\\\/medisonalce.com\\\/#\\\/schema\\\/logo\\\/image\\\/\"}}]}<\/script>\n<!-- \/ Yoast SEO plugin. -->","yoast_head_json":{"title":"MIE Germany - MedisonalCE","robots":{"index":"index","follow":"follow","max-snippet":"max-snippet:-1","max-image-preview":"max-image-preview:large","max-video-preview":"max-video-preview:-1"},"canonical":"https:\/\/medisonalce.com\/cs\/mie-germany\/","og_locale":"cs_CZ","og_type":"article","og_title":"MIE Germany - MedisonalCE","og_description":"MIE Germany Coming soon","og_url":"https:\/\/medisonalce.com\/cs\/mie-germany\/","og_site_name":"MedisonalCE","article_modified_time":"2023-09-15T09:25:13+00:00","og_image":[{"url":"https:\/\/medisonalce.com\/wp-content\/uploads\/2023\/09\/MIE-logo-New-white-bg.svg","type":"","width":"","height":""}],"twitter_card":"summary_large_image","twitter_misc":{"Odhadovan\u00e1 doba \u010dten\u00ed":"1 minuta"},"schema":{"@context":"https:\/\/schema.org","@graph":[{"@type":"WebPage","@id":"https:\/\/medisonalce.com\/mie-germany\/","url":"https:\/\/medisonalce.com\/mie-germany\/","name":"MIE Germany - MedisonalCE","isPartOf":{"@id":"https:\/\/medisonalce.com\/#website"},"primaryImageOfPage":{"@id":"https:\/\/medisonalce.com\/mie-germany\/#primaryimage"},"image":{"@id":"https:\/\/medisonalce.com\/mie-germany\/#primaryimage"},"thumbnailUrl":"https:\/\/medisonalce.com\/wp-content\/uploads\/2023\/09\/MIE-logo-New-white-bg.svg","datePublished":"2023-09-14T11:08:51+00:00","dateModified":"2023-09-15T09:25:13+00:00","breadcrumb":{"@id":"https:\/\/medisonalce.com\/mie-germany\/#breadcrumb"},"inLanguage":"cs","potentialAction":[{"@type":"ReadAction","target":["https:\/\/medisonalce.com\/mie-germany\/"]}]},{"@type":"ImageObject","inLanguage":"cs","@id":"https:\/\/medisonalce.com\/mie-germany\/#primaryimage","url":"https:\/\/medisonalce.com\/wp-content\/uploads\/2023\/09\/MIE-logo-New-white-bg.svg","contentUrl":"https:\/\/medisonalce.com\/wp-content\/uploads\/2023\/09\/MIE-logo-New-white-bg.svg"},{"@type":"BreadcrumbList","@id":"https:\/\/medisonalce.com\/mie-germany\/#breadcrumb","itemListElement":[{"@type":"ListItem","position":1,"name":"Home","item":"https:\/\/medisonalce.com\/"},{"@type":"ListItem","position":2,"name":"MIE Germany"}]},{"@type":"WebSite","@id":"https:\/\/medisonalce.com\/#website","url":"https:\/\/medisonalce.com\/","name":"MedisonalCE","description":"","publisher":{"@id":"https:\/\/medisonalce.com\/#organization"},"potentialAction":[{"@type":"SearchAction","target":{"@type":"EntryPoint","urlTemplate":"https:\/\/medisonalce.com\/?s={search_term_string}"},"query-input":{"@type":"PropertyValueSpecification","valueRequired":true,"valueName":"search_term_string"}}],"inLanguage":"cs"},{"@type":"Organization","@id":"https:\/\/medisonalce.com\/#organization","name":"MedisonalCE","url":"https:\/\/medisonalce.com\/","logo":{"@type":"ImageObject","inLanguage":"cs","@id":"https:\/\/medisonalce.com\/#\/schema\/logo\/image\/","url":"https:\/\/medisonalce.com\/wp-content\/uploads\/2023\/09\/Medisonal-CE.svg","contentUrl":"https:\/\/medisonalce.com\/wp-content\/uploads\/2023\/09\/Medisonal-CE.svg","width":770,"height":163,"caption":"MedisonalCE"},"image":{"@id":"https:\/\/medisonalce.com\/#\/schema\/logo\/image\/"}}]}},"jetpack_sharing_enabled":true,"_links":{"self":[{"href":"https:\/\/medisonalce.com\/cs\/wp-json\/wp\/v2\/pages\/238","targetHints":{"allow":["GET"]}}],"collection":[{"href":"https:\/\/medisonalce.com\/cs\/wp-json\/wp\/v2\/pages"}],"about":[{"href":"https:\/\/medisonalce.com\/cs\/wp-json\/wp\/v2\/types\/page"}],"author":[{"embeddable":true,"href":"https:\/\/medisonalce.com\/cs\/wp-json\/wp\/v2\/users\/5"}],"replies":[{"embeddable":true,"href":"https:\/\/medisonalce.com\/cs\/wp-json\/wp\/v2\/comments?post=238"}],"version-history":[{"count":10,"href":"https:\/\/medisonalce.com\/cs\/wp-json\/wp\/v2\/pages\/238\/revisions"}],"predecessor-version":[{"id":285,"href":"https:\/\/medisonalce.com\/cs\/wp-json\/wp\/v2\/pages\/238\/revisions\/285"}],"wp:attachment":[{"href":"https:\/\/medisonalce.com\/cs\/wp-json\/wp\/v2\/media?parent=238"}],"curies":[{"name":"wp","href":"https:\/\/api.w.org\/{rel}","templated":true}]}}