{"id":51,"date":"2023-09-01T15:46:34","date_gmt":"2023-09-01T15:46:34","guid":{"rendered":"https:\/\/medisonalce.com\/?page_id=51"},"modified":"2023-09-15T13:56:00","modified_gmt":"2023-09-15T13:56:00","slug":"mie-cz","status":"publish","type":"page","link":"https:\/\/medisonalce.com\/cs\/mie-cz\/","title":{"rendered":"MIE CZ"},"content":{"rendered":"<div data-elementor-type=\"wp-page\" data-elementor-id=\"51\" class=\"elementor elementor-51\" data-elementor-post-type=\"page\">\n\t\t\t\t\t\t<section class=\"elementor-section elementor-top-section elementor-element elementor-element-0f5a1ed elementor-section-boxed elementor-section-height-default elementor-section-height-default\" data-id=\"0f5a1ed\" data-element_type=\"section\">\n\t\t\t\t\t\t<div class=\"elementor-container elementor-column-gap-default\">\n\t\t\t\t\t<div class=\"elementor-column elementor-col-100 elementor-top-column elementor-element elementor-element-cacce94\" data-id=\"cacce94\" data-element_type=\"column\">\n\t\t\t<div class=\"elementor-widget-wrap elementor-element-populated\">\n\t\t\t\t\t\t<div class=\"elementor-element elementor-element-317386d elementor-widget elementor-widget-image\" data-id=\"317386d\" data-element_type=\"widget\" data-widget_type=\"image.default\">\n\t\t\t\t<div class=\"elementor-widget-container\">\n\t\t\t\t\t\t\t\t\t\t\t\t\t\t\t<img decoding=\"async\" width=\"768\" height=\"1\" src=\"https:\/\/medisonalce.com\/wp-content\/uploads\/2023\/09\/MIE-logo-New-white-bg.svg\" class=\"attachment-medium_large size-medium_large wp-image-262\" alt=\"\" \/>\t\t\t\t\t\t\t\t\t\t\t\t\t\t\t<\/div>\n\t\t\t\t<\/div>\n\t\t\t\t<div class=\"elementor-element elementor-element-6bcf6c0 elementor-align-justify elementor-widget elementor-widget-button\" data-id=\"6bcf6c0\" data-element_type=\"widget\" data-widget_type=\"button.default\">\n\t\t\t\t<div class=\"elementor-widget-container\">\n\t\t\t\t\t\t\t\t\t<div class=\"elementor-button-wrapper\">\n\t\t\t\t\t<a class=\"elementor-button elementor-button-link elementor-size-xl\" href=\"https:\/\/mie.medisonalm3.com\/cs\/\">\n\t\t\t\t\t\t<span class=\"elementor-button-content-wrapper\">\n\t\t\t\t\t\t\t\t\t<span class=\"elementor-button-text\">Visit Site <\/span>\n\t\t\t\t\t<\/span>\n\t\t\t\t\t<\/a>\n\t\t\t\t<\/div>\n\t\t\t\t\t\t\t\t<\/div>\n\t\t\t\t<\/div>\n\t\t\t\t<div class=\"elementor-element elementor-element-615830b elementor-widget elementor-widget-heading\" data-id=\"615830b\" data-element_type=\"widget\" data-widget_type=\"heading.default\">\n\t\t\t\t<div class=\"elementor-widget-container\">\n\t\t\t\t\t<h2 class=\"elementor-heading-title elementor-size-default\">MIE \u010cesk\u00e1 republika<\/h2>\t\t\t\t<\/div>\n\t\t\t\t<\/div>\n\t\t\t\t<div class=\"elementor-element elementor-element-c223060 elementor-widget elementor-widget-text-editor\" data-id=\"c223060\" data-element_type=\"widget\" data-widget_type=\"text-editor.default\">\n\t\t\t\t<div class=\"elementor-widget-container\">\n\t\t\t\t\t\t\t\t\t<p>MIE je jedine\u010dn\u00fd vzd\u011bl\u00e1vac\u00ed program Medisonal, kter\u00fd nab\u00edz\u00ed \u0159adu kurz\u016f l\u00e9\u010debn\u00e9ho konop\u00ed. P\u0159esto\u017ee byly kurzy p\u016fvodn\u011b naps\u00e1ny v angli\u010dtin\u011b, byly p\u0159elo\u017eeny do n\u011bkolika r\u016fzn\u00fdch jazyk\u016f. Jak je uvedeno na webov\u00fdch str\u00e1nk\u00e1ch MIE, v\u0161echny kurzy MIE jsou \u201evyv\u00edjeny t\u00fdmem velmi zku\u0161en\u00fdch l\u00e9ka\u0159\u016f p\u0159edepisuj\u00edc\u00edch l\u00e9\u010debn\u00e9 konop\u00ed, specializovan\u00fdch l\u00e9ka\u0159\u016f a odborn\u00fdch v\u00fdzkumn\u00edk\u016f, aby v\u00e1m p\u0159inesli podrobn\u00fd a komplexn\u00ed kurz l\u00e9\u010debn\u00e9ho konop\u00ed, kter\u00fd napsali l\u00e9ka\u0159i pro l\u00e9ka\u0159e.\u201c Adaptabilita je n\u011bco velmi dobr\u00e9ho. jsou pro n\u00e1s v Medisonal d\u016fle\u017eit\u00e9 a jsme odhodl\u00e1ni zajistit, aby na\u0161e vzd\u011bl\u00e1vac\u00ed kurzy z\u016fstaly dynamick\u00e9 a aktu\u00e1ln\u00ed.<\/p>\t\t\t\t\t\t\t\t<\/div>\n\t\t\t\t<\/div>\n\t\t\t\t<div class=\"elementor-element elementor-element-c06b558 elementor-widget elementor-widget-text-editor\" data-id=\"c06b558\" data-element_type=\"widget\" data-widget_type=\"text-editor.default\">\n\t\t\t\t<div class=\"elementor-widget-container\">\n\t\t\t\t\t\t\t\t\t<p><strong>Mezi moduly ji\u017e dostupn\u00e9 v \u010desk\u00e9m jazyce pat\u0159\u00ed:<\/strong><\/p>\t\t\t\t\t\t\t\t<\/div>\n\t\t\t\t<\/div>\n\t\t\t\t\t<\/div>\n\t\t<\/div>\n\t\t\t\t\t<\/div>\n\t\t<\/section>\n\t\t\t\t<section class=\"elementor-section elementor-top-section elementor-element elementor-element-d5cb949 elementor-section-boxed elementor-section-height-default elementor-section-height-default\" data-id=\"d5cb949\" data-element_type=\"section\">\n\t\t\t\t\t\t<div class=\"elementor-container elementor-column-gap-default\">\n\t\t\t\t\t<div class=\"elementor-column elementor-col-25 elementor-top-column elementor-element elementor-element-ac75290\" data-id=\"ac75290\" data-element_type=\"column\">\n\t\t\t<div class=\"elementor-widget-wrap elementor-element-populated\">\n\t\t\t\t\t\t<div class=\"elementor-element elementor-element-7777500 elementor-widget elementor-widget-image\" data-id=\"7777500\" data-element_type=\"widget\" data-widget_type=\"image.default\">\n\t\t\t\t<div class=\"elementor-widget-container\">\n\t\t\t\t\t\t\t\t\t\t\t\t\t\t\t<img fetchpriority=\"high\" decoding=\"async\" width=\"300\" height=\"180\" src=\"https:\/\/medisonalce.com\/wp-content\/uploads\/2023\/09\/leaf-1-300x180.webp\" class=\"attachment-medium size-medium wp-image-243\" alt=\"\" srcset=\"https:\/\/medisonalce.com\/wp-content\/uploads\/2023\/09\/leaf-1-300x180.webp 300w, https:\/\/medisonalce.com\/wp-content\/uploads\/2023\/09\/leaf-1-1024x615.webp 1024w, https:\/\/medisonalce.com\/wp-content\/uploads\/2023\/09\/leaf-1-768x461.webp 768w, https:\/\/medisonalce.com\/wp-content\/uploads\/2023\/09\/leaf-1.webp 1536w\" sizes=\"(max-width: 300px) 100vw, 300px\" \/>\t\t\t\t\t\t\t\t\t\t\t\t\t\t\t<\/div>\n\t\t\t\t<\/div>\n\t\t\t\t\t<\/div>\n\t\t<\/div>\n\t\t\t\t<div class=\"elementor-column elementor-col-25 elementor-top-column elementor-element elementor-element-702bd5b\" data-id=\"702bd5b\" data-element_type=\"column\">\n\t\t\t<div class=\"elementor-widget-wrap elementor-element-populated\">\n\t\t\t\t\t\t<div class=\"elementor-element elementor-element-8bd4f9b elementor-widget elementor-widget-image\" data-id=\"8bd4f9b\" data-element_type=\"widget\" data-widget_type=\"image.default\">\n\t\t\t\t<div class=\"elementor-widget-container\">\n\t\t\t\t\t\t\t\t\t\t\t\t\t\t\t<img decoding=\"async\" width=\"300\" height=\"180\" src=\"https:\/\/medisonalce.com\/wp-content\/uploads\/2023\/09\/pain.webp\" class=\"attachment-medium size-medium wp-image-247\" alt=\"\" \/>\t\t\t\t\t\t\t\t\t\t\t\t\t\t\t<\/div>\n\t\t\t\t<\/div>\n\t\t\t\t\t<\/div>\n\t\t<\/div>\n\t\t\t\t<div class=\"elementor-column elementor-col-25 elementor-top-column elementor-element elementor-element-64136f9\" data-id=\"64136f9\" data-element_type=\"column\">\n\t\t\t<div class=\"elementor-widget-wrap elementor-element-populated\">\n\t\t\t\t\t\t<div class=\"elementor-element elementor-element-c0a4806 elementor-widget elementor-widget-image\" data-id=\"c0a4806\" data-element_type=\"widget\" data-widget_type=\"image.default\">\n\t\t\t\t<div class=\"elementor-widget-container\">\n\t\t\t\t\t\t\t\t\t\t\t\t\t\t\t<img loading=\"lazy\" decoding=\"async\" width=\"300\" height=\"180\" src=\"https:\/\/medisonalce.com\/wp-content\/uploads\/2023\/09\/musc-300x180.webp\" class=\"attachment-medium size-medium wp-image-249\" alt=\"\" srcset=\"https:\/\/medisonalce.com\/wp-content\/uploads\/2023\/09\/musc-300x180.webp 300w, https:\/\/medisonalce.com\/wp-content\/uploads\/2023\/09\/musc-768x461.webp 768w, https:\/\/medisonalce.com\/wp-content\/uploads\/2023\/09\/musc.webp 1023w\" sizes=\"(max-width: 300px) 100vw, 300px\" \/>\t\t\t\t\t\t\t\t\t\t\t\t\t\t\t<\/div>\n\t\t\t\t<\/div>\n\t\t\t\t\t<\/div>\n\t\t<\/div>\n\t\t\t\t<div class=\"elementor-column elementor-col-25 elementor-top-column elementor-element elementor-element-07120e1\" data-id=\"07120e1\" data-element_type=\"column\">\n\t\t\t<div class=\"elementor-widget-wrap elementor-element-populated\">\n\t\t\t\t\t\t<div class=\"elementor-element elementor-element-4aa2642 elementor-widget elementor-widget-image\" data-id=\"4aa2642\" data-element_type=\"widget\" data-widget_type=\"image.default\">\n\t\t\t\t<div class=\"elementor-widget-container\">\n\t\t\t\t\t\t\t\t\t\t\t\t\t\t\t<img loading=\"lazy\" decoding=\"async\" width=\"300\" height=\"180\" src=\"https:\/\/medisonalce.com\/wp-content\/uploads\/2023\/09\/neuron-300x180.webp\" class=\"attachment-medium size-medium wp-image-248\" alt=\"\" srcset=\"https:\/\/medisonalce.com\/wp-content\/uploads\/2023\/09\/neuron-300x180.webp 300w, https:\/\/medisonalce.com\/wp-content\/uploads\/2023\/09\/neuron-1024x615.webp 1024w, https:\/\/medisonalce.com\/wp-content\/uploads\/2023\/09\/neuron-768x461.webp 768w, https:\/\/medisonalce.com\/wp-content\/uploads\/2023\/09\/neuron.webp 1536w\" sizes=\"(max-width: 300px) 100vw, 300px\" \/>\t\t\t\t\t\t\t\t\t\t\t\t\t\t\t<\/div>\n\t\t\t\t<\/div>\n\t\t\t\t\t<\/div>\n\t\t<\/div>\n\t\t\t\t\t<\/div>\n\t\t<\/section>\n\t\t\t\t<section class=\"elementor-section elementor-top-section elementor-element elementor-element-2207363 elementor-section-boxed elementor-section-height-default elementor-section-height-default\" data-id=\"2207363\" data-element_type=\"section\">\n\t\t\t\t\t\t<div class=\"elementor-container elementor-column-gap-default\">\n\t\t\t\t\t<div class=\"elementor-column elementor-col-25 elementor-top-column elementor-element elementor-element-5df5a34\" data-id=\"5df5a34\" data-element_type=\"column\">\n\t\t\t<div class=\"elementor-widget-wrap elementor-element-populated\">\n\t\t\t\t\t\t<div class=\"elementor-element elementor-element-c5f8887 elementor-widget elementor-widget-text-editor\" data-id=\"c5f8887\" data-element_type=\"widget\" data-widget_type=\"text-editor.default\">\n\t\t\t\t<div class=\"elementor-widget-container\">\n\t\t\t\t\t\t\t\t\t<p style=\"text-align: center;\"><strong>\u00davod do z\u00e1kladn\u00ed v\u011bdy<\/strong><\/p><p>Tento kurz se pono\u0159\u00ed do z\u00e1kladn\u00edch v\u011bdeck\u00fdch princip\u016f, kter\u00e9 jsou z\u00e1kladem l\u00e9\u010debn\u00e9ho konop\u00ed, a nab\u00edz\u00ed pevn\u00fd z\u00e1klad pro pochopen\u00ed jeho mechanism\u016f \u00fa\u010dinku a terapeutick\u00e9ho potenci\u00e1lu.<\/p><p style=\"text-align: center;\"><strong>Proces p\u0159edepisov\u00e1n\u00ed<\/strong><\/p><p>Vybav\u00ed v\u00e1s znalostmi a postupy pot\u0159ebn\u00fdmi k bezpe\u010dn\u00e9mu a zodpov\u011bdn\u00e9mu p\u0159edepisov\u00e1n\u00ed l\u00e9\u010debn\u00e9ho konop\u00ed.<\/p><p style=\"text-align: center;\"><strong>P\u0159edpisy a sm\u011brnice<\/strong><\/p><p>Tento modul poskytuje ucelen\u00fd p\u0159ehled o konkr\u00e9tn\u00edch p\u0159edpisech a sm\u011brnic\u00edch platn\u00fdch v \u010cesk\u00e9 republice a zaji\u0161\u0165uje dodr\u017eov\u00e1n\u00ed a etick\u00e9 postupy.<\/p>\t\t\t\t\t\t\t\t<\/div>\n\t\t\t\t<\/div>\n\t\t\t\t\t<\/div>\n\t\t<\/div>\n\t\t\t\t<div class=\"elementor-column elementor-col-25 elementor-top-column elementor-element elementor-element-854b460\" data-id=\"854b460\" data-element_type=\"column\">\n\t\t\t<div class=\"elementor-widget-wrap elementor-element-populated\">\n\t\t\t\t\t\t<div class=\"elementor-element elementor-element-7db83c6 elementor-widget elementor-widget-text-editor\" data-id=\"7db83c6\" data-element_type=\"widget\" data-widget_type=\"text-editor.default\">\n\t\t\t\t<div class=\"elementor-widget-container\">\n\t\t\t\t\t\t\t\t\t<p style=\"text-align: center;\"><strong>Ovl\u00e1dnut\u00ed bolesti\u00a0<\/strong><\/p><p>Tento kurz zkoum\u00e1 aplikace l\u00e9\u010debn\u00e9ho konop\u00ed p\u0159i l\u00e9\u010db\u011b bolesti a nab\u00edz\u00ed pohled na jeho potenci\u00e1ln\u00ed v\u00fdhody a osv\u011bd\u010den\u00e9 postupy.<\/p>\t\t\t\t\t\t\t\t<\/div>\n\t\t\t\t<\/div>\n\t\t\t\t\t<\/div>\n\t\t<\/div>\n\t\t\t\t<div class=\"elementor-column elementor-col-25 elementor-top-column elementor-element elementor-element-f13f134\" data-id=\"f13f134\" data-element_type=\"column\">\n\t\t\t<div class=\"elementor-widget-wrap elementor-element-populated\">\n\t\t\t\t\t\t<div class=\"elementor-element elementor-element-86a793f elementor-widget elementor-widget-text-editor\" data-id=\"86a793f\" data-element_type=\"widget\" data-widget_type=\"text-editor.default\">\n\t\t\t\t<div class=\"elementor-widget-container\">\n\t\t\t\t\t\t\t\t\t<p style=\"text-align: center;\"><strong>Muskuloskelet\u00e1ln\u00ed<\/strong><\/p><p>Tento kurz se zam\u011b\u0159uje na to, jak lze l\u00e9\u010debn\u00e9 konop\u00ed vyu\u017e\u00edt p\u0159i l\u00e9\u010db\u011b muskuloskelet\u00e1ln\u00edch onemocn\u011bn\u00ed, a nab\u00edz\u00ed tak nov\u00e9 mo\u017enosti l\u00e9\u010dby.<\/p>\t\t\t\t\t\t\t\t<\/div>\n\t\t\t\t<\/div>\n\t\t\t\t\t<\/div>\n\t\t<\/div>\n\t\t\t\t<div class=\"elementor-column elementor-col-25 elementor-top-column elementor-element elementor-element-4e3915e\" data-id=\"4e3915e\" data-element_type=\"column\">\n\t\t\t<div class=\"elementor-widget-wrap elementor-element-populated\">\n\t\t\t\t\t\t<div class=\"elementor-element elementor-element-0b205d0 elementor-widget elementor-widget-text-editor\" data-id=\"0b205d0\" data-element_type=\"widget\" data-widget_type=\"text-editor.default\">\n\t\t\t\t<div class=\"elementor-widget-container\">\n\t\t\t\t\t\t\t\t\t<p style=\"text-align: center;\"><strong>Neurologie\u00a0<\/strong><\/p><p>Tento kurz se pono\u0159\u00ed do role l\u00e9\u010debn\u00e9ho konop\u00ed v neurologii. Vybavuje zdravotn\u00edky znalostmi o potenci\u00e1ln\u00ed l\u00e9\u010db\u011b neurologick\u00fdch poruch pomoc\u00ed l\u00e9\u010debn\u00e9ho konop\u00ed.<\/p>\t\t\t\t\t\t\t\t<\/div>\n\t\t\t\t<\/div>\n\t\t\t\t\t<\/div>\n\t\t<\/div>\n\t\t\t\t\t<\/div>\n\t\t<\/section>\n\t\t\t\t<section class=\"elementor-section elementor-top-section elementor-element elementor-element-25c38f5 elementor-section-boxed elementor-section-height-default elementor-section-height-default\" data-id=\"25c38f5\" data-element_type=\"section\">\n\t\t\t\t\t\t<div class=\"elementor-container elementor-column-gap-default\">\n\t\t\t\t\t<div class=\"elementor-column elementor-col-100 elementor-top-column elementor-element elementor-element-45a1f23\" data-id=\"45a1f23\" data-element_type=\"column\">\n\t\t\t<div class=\"elementor-widget-wrap\">\n\t\t\t\t\t\t\t<\/div>\n\t\t<\/div>\n\t\t\t\t\t<\/div>\n\t\t<\/section>\n\t\t\t\t<\/div>","protected":false},"excerpt":{"rendered":"<p>Visit Site MIE Czech Republic MIE is Medisonal&#8217;s unique education programme that offers a number of medical cannabis courses.\u00a0 The courses, though originally written in English, have been translated into multiple different languages. As stated on the\u00a0 MIE website, all MIE courses are &#8216;developed by a team of highly experienced medical cannabis prescribers, specialist doctors &hellip;<\/p>\n<p class=\"read-more\"> <a class=\"\" href=\"https:\/\/medisonalce.com\/cs\/mie-cz\/\"> <span class=\"screen-reader-text\">MIE CZ<\/span> Pokra\u010dovat ve \u010dten\u00ed &raquo;<\/a><\/p>","protected":false},"author":4,"featured_media":0,"parent":0,"menu_order":0,"comment_status":"closed","ping_status":"closed","template":"elementor_header_footer","meta":{"inline_featured_image":false,"site-sidebar-layout":"no-sidebar","site-content-layout":"","ast-site-content-layout":"full-width-container","site-content-style":"default","site-sidebar-style":"default","ast-global-header-display":"","ast-banner-title-visibility":"","ast-main-header-display":"","ast-hfb-above-header-display":"","ast-hfb-below-header-display":"","ast-hfb-mobile-header-display":"","site-post-title":"disabled","ast-breadcrumbs-content":"","ast-featured-img":"disabled","footer-sml-layout":"","theme-transparent-header-meta":"","adv-header-id-meta":"","stick-header-meta":"","header-above-stick-meta":"","header-main-stick-meta":"","header-below-stick-meta":"","astra-migrate-meta-layouts":"","footnotes":""},"class_list":["post-51","page","type-page","status-publish","hentry"],"yoast_head":"<!-- This site is optimized with the Yoast SEO plugin v27.4 - https:\/\/yoast.com\/product\/yoast-seo-wordpress\/ -->\n<title>MIE CZ - MedisonalCE<\/title>\n<meta name=\"robots\" content=\"index, follow, max-snippet:-1, max-image-preview:large, max-video-preview:-1\" \/>\n<link rel=\"canonical\" href=\"https:\/\/medisonalce.com\/cs\/mie-cz\/\" \/>\n<meta property=\"og:locale\" content=\"cs_CZ\" \/>\n<meta property=\"og:type\" content=\"article\" \/>\n<meta property=\"og:title\" content=\"MIE CZ - MedisonalCE\" \/>\n<meta property=\"og:description\" content=\"Visit Site MIE Czech Republic MIE is Medisonal&#8217;s unique education programme that offers a number of medical cannabis courses.\u00a0 The courses, though originally written in English, have been translated into multiple different languages. As stated on the\u00a0 MIE website, all MIE courses are &#8216;developed by a team of highly experienced medical cannabis prescribers, specialist doctors &hellip; MIE CZ Pokra\u010dovat ve \u010dten\u00ed &raquo;\" \/>\n<meta property=\"og:url\" content=\"https:\/\/medisonalce.com\/cs\/mie-cz\/\" \/>\n<meta property=\"og:site_name\" content=\"MedisonalCE\" \/>\n<meta property=\"article:modified_time\" content=\"2023-09-15T13:56:00+00:00\" \/>\n<meta property=\"og:image\" content=\"https:\/\/medisonalce.com\/wp-content\/uploads\/2023\/09\/MIE-logo-New-white-bg.svg\" \/>\n<meta name=\"twitter:card\" content=\"summary_large_image\" \/>\n<meta name=\"twitter:label1\" content=\"Odhadovan\u00e1 doba \u010dten\u00ed\" \/>\n\t<meta name=\"twitter:data1\" content=\"3 minuty\" \/>\n<script type=\"application\/ld+json\" class=\"yoast-schema-graph\">{\"@context\":\"https:\\\/\\\/schema.org\",\"@graph\":[{\"@type\":\"WebPage\",\"@id\":\"https:\\\/\\\/medisonalce.com\\\/mie-cz\\\/\",\"url\":\"https:\\\/\\\/medisonalce.com\\\/mie-cz\\\/\",\"name\":\"MIE CZ - MedisonalCE\",\"isPartOf\":{\"@id\":\"https:\\\/\\\/medisonalce.com\\\/#website\"},\"primaryImageOfPage\":{\"@id\":\"https:\\\/\\\/medisonalce.com\\\/mie-cz\\\/#primaryimage\"},\"image\":{\"@id\":\"https:\\\/\\\/medisonalce.com\\\/mie-cz\\\/#primaryimage\"},\"thumbnailUrl\":\"https:\\\/\\\/medisonalce.com\\\/wp-content\\\/uploads\\\/2023\\\/09\\\/MIE-logo-New-white-bg.svg\",\"datePublished\":\"2023-09-01T15:46:34+00:00\",\"dateModified\":\"2023-09-15T13:56:00+00:00\",\"breadcrumb\":{\"@id\":\"https:\\\/\\\/medisonalce.com\\\/mie-cz\\\/#breadcrumb\"},\"inLanguage\":\"cs\",\"potentialAction\":[{\"@type\":\"ReadAction\",\"target\":[\"https:\\\/\\\/medisonalce.com\\\/mie-cz\\\/\"]}]},{\"@type\":\"ImageObject\",\"inLanguage\":\"cs\",\"@id\":\"https:\\\/\\\/medisonalce.com\\\/mie-cz\\\/#primaryimage\",\"url\":\"https:\\\/\\\/medisonalce.com\\\/wp-content\\\/uploads\\\/2023\\\/09\\\/MIE-logo-New-white-bg.svg\",\"contentUrl\":\"https:\\\/\\\/medisonalce.com\\\/wp-content\\\/uploads\\\/2023\\\/09\\\/MIE-logo-New-white-bg.svg\"},{\"@type\":\"BreadcrumbList\",\"@id\":\"https:\\\/\\\/medisonalce.com\\\/mie-cz\\\/#breadcrumb\",\"itemListElement\":[{\"@type\":\"ListItem\",\"position\":1,\"name\":\"Home\",\"item\":\"https:\\\/\\\/medisonalce.com\\\/\"},{\"@type\":\"ListItem\",\"position\":2,\"name\":\"MIE CZ\"}]},{\"@type\":\"WebSite\",\"@id\":\"https:\\\/\\\/medisonalce.com\\\/#website\",\"url\":\"https:\\\/\\\/medisonalce.com\\\/\",\"name\":\"MedisonalCE\",\"description\":\"\",\"publisher\":{\"@id\":\"https:\\\/\\\/medisonalce.com\\\/#organization\"},\"potentialAction\":[{\"@type\":\"SearchAction\",\"target\":{\"@type\":\"EntryPoint\",\"urlTemplate\":\"https:\\\/\\\/medisonalce.com\\\/?s={search_term_string}\"},\"query-input\":{\"@type\":\"PropertyValueSpecification\",\"valueRequired\":true,\"valueName\":\"search_term_string\"}}],\"inLanguage\":\"cs\"},{\"@type\":\"Organization\",\"@id\":\"https:\\\/\\\/medisonalce.com\\\/#organization\",\"name\":\"MedisonalCE\",\"url\":\"https:\\\/\\\/medisonalce.com\\\/\",\"logo\":{\"@type\":\"ImageObject\",\"inLanguage\":\"cs\",\"@id\":\"https:\\\/\\\/medisonalce.com\\\/#\\\/schema\\\/logo\\\/image\\\/\",\"url\":\"https:\\\/\\\/medisonalce.com\\\/wp-content\\\/uploads\\\/2023\\\/09\\\/Medisonal-CE.svg\",\"contentUrl\":\"https:\\\/\\\/medisonalce.com\\\/wp-content\\\/uploads\\\/2023\\\/09\\\/Medisonal-CE.svg\",\"width\":770,\"height\":163,\"caption\":\"MedisonalCE\"},\"image\":{\"@id\":\"https:\\\/\\\/medisonalce.com\\\/#\\\/schema\\\/logo\\\/image\\\/\"}}]}<\/script>\n<!-- \/ Yoast SEO plugin. -->","yoast_head_json":{"title":"MIE CZ - MedisonalCE","robots":{"index":"index","follow":"follow","max-snippet":"max-snippet:-1","max-image-preview":"max-image-preview:large","max-video-preview":"max-video-preview:-1"},"canonical":"https:\/\/medisonalce.com\/cs\/mie-cz\/","og_locale":"cs_CZ","og_type":"article","og_title":"MIE CZ - MedisonalCE","og_description":"Visit Site MIE Czech Republic MIE is Medisonal&#8217;s unique education programme that offers a number of medical cannabis courses.\u00a0 The courses, though originally written in English, have been translated into multiple different languages. As stated on the\u00a0 MIE website, all MIE courses are &#8216;developed by a team of highly experienced medical cannabis prescribers, specialist doctors &hellip; MIE CZ Pokra\u010dovat ve \u010dten\u00ed &raquo;","og_url":"https:\/\/medisonalce.com\/cs\/mie-cz\/","og_site_name":"MedisonalCE","article_modified_time":"2023-09-15T13:56:00+00:00","og_image":[{"url":"https:\/\/medisonalce.com\/wp-content\/uploads\/2023\/09\/MIE-logo-New-white-bg.svg","type":"","width":"","height":""}],"twitter_card":"summary_large_image","twitter_misc":{"Odhadovan\u00e1 doba \u010dten\u00ed":"3 minuty"},"schema":{"@context":"https:\/\/schema.org","@graph":[{"@type":"WebPage","@id":"https:\/\/medisonalce.com\/mie-cz\/","url":"https:\/\/medisonalce.com\/mie-cz\/","name":"MIE CZ - MedisonalCE","isPartOf":{"@id":"https:\/\/medisonalce.com\/#website"},"primaryImageOfPage":{"@id":"https:\/\/medisonalce.com\/mie-cz\/#primaryimage"},"image":{"@id":"https:\/\/medisonalce.com\/mie-cz\/#primaryimage"},"thumbnailUrl":"https:\/\/medisonalce.com\/wp-content\/uploads\/2023\/09\/MIE-logo-New-white-bg.svg","datePublished":"2023-09-01T15:46:34+00:00","dateModified":"2023-09-15T13:56:00+00:00","breadcrumb":{"@id":"https:\/\/medisonalce.com\/mie-cz\/#breadcrumb"},"inLanguage":"cs","potentialAction":[{"@type":"ReadAction","target":["https:\/\/medisonalce.com\/mie-cz\/"]}]},{"@type":"ImageObject","inLanguage":"cs","@id":"https:\/\/medisonalce.com\/mie-cz\/#primaryimage","url":"https:\/\/medisonalce.com\/wp-content\/uploads\/2023\/09\/MIE-logo-New-white-bg.svg","contentUrl":"https:\/\/medisonalce.com\/wp-content\/uploads\/2023\/09\/MIE-logo-New-white-bg.svg"},{"@type":"BreadcrumbList","@id":"https:\/\/medisonalce.com\/mie-cz\/#breadcrumb","itemListElement":[{"@type":"ListItem","position":1,"name":"Home","item":"https:\/\/medisonalce.com\/"},{"@type":"ListItem","position":2,"name":"MIE CZ"}]},{"@type":"WebSite","@id":"https:\/\/medisonalce.com\/#website","url":"https:\/\/medisonalce.com\/","name":"MedisonalCE","description":"","publisher":{"@id":"https:\/\/medisonalce.com\/#organization"},"potentialAction":[{"@type":"SearchAction","target":{"@type":"EntryPoint","urlTemplate":"https:\/\/medisonalce.com\/?s={search_term_string}"},"query-input":{"@type":"PropertyValueSpecification","valueRequired":true,"valueName":"search_term_string"}}],"inLanguage":"cs"},{"@type":"Organization","@id":"https:\/\/medisonalce.com\/#organization","name":"MedisonalCE","url":"https:\/\/medisonalce.com\/","logo":{"@type":"ImageObject","inLanguage":"cs","@id":"https:\/\/medisonalce.com\/#\/schema\/logo\/image\/","url":"https:\/\/medisonalce.com\/wp-content\/uploads\/2023\/09\/Medisonal-CE.svg","contentUrl":"https:\/\/medisonalce.com\/wp-content\/uploads\/2023\/09\/Medisonal-CE.svg","width":770,"height":163,"caption":"MedisonalCE"},"image":{"@id":"https:\/\/medisonalce.com\/#\/schema\/logo\/image\/"}}]}},"jetpack_sharing_enabled":true,"_links":{"self":[{"href":"https:\/\/medisonalce.com\/cs\/wp-json\/wp\/v2\/pages\/51","targetHints":{"allow":["GET"]}}],"collection":[{"href":"https:\/\/medisonalce.com\/cs\/wp-json\/wp\/v2\/pages"}],"about":[{"href":"https:\/\/medisonalce.com\/cs\/wp-json\/wp\/v2\/types\/page"}],"author":[{"embeddable":true,"href":"https:\/\/medisonalce.com\/cs\/wp-json\/wp\/v2\/users\/4"}],"replies":[{"embeddable":true,"href":"https:\/\/medisonalce.com\/cs\/wp-json\/wp\/v2\/comments?post=51"}],"version-history":[{"count":20,"href":"https:\/\/medisonalce.com\/cs\/wp-json\/wp\/v2\/pages\/51\/revisions"}],"predecessor-version":[{"id":324,"href":"https:\/\/medisonalce.com\/cs\/wp-json\/wp\/v2\/pages\/51\/revisions\/324"}],"wp:attachment":[{"href":"https:\/\/medisonalce.com\/cs\/wp-json\/wp\/v2\/media?parent=51"}],"curies":[{"name":"wp","href":"https:\/\/api.w.org\/{rel}","templated":true}]}}