{"id":7,"date":"2023-09-01T09:21:36","date_gmt":"2023-09-01T09:21:36","guid":{"rendered":"https:\/\/medisonalce.com\/?page_id=7"},"modified":"2023-09-15T14:00:22","modified_gmt":"2023-09-15T14:00:22","slug":"home","status":"publish","type":"page","link":"https:\/\/medisonalce.com\/cs\/","title":{"rendered":"Home"},"content":{"rendered":"<div data-elementor-type=\"wp-page\" data-elementor-id=\"7\" class=\"elementor elementor-7\" data-elementor-post-type=\"page\">\n\t\t\t\t\t\t<section class=\"elementor-section elementor-top-section elementor-element elementor-element-6495f299 elementor-section-height-min-height elementor-section-items-stretch elementor-section-content-middle elementor-section-full_width elementor-section-height-default\" data-id=\"6495f299\" data-element_type=\"section\" data-settings=\"{&quot;background_background&quot;:&quot;classic&quot;}\">\n\t\t\t\t\t\t<div class=\"elementor-container elementor-column-gap-no\">\n\t\t\t\t\t<div class=\"elementor-column elementor-col-50 elementor-top-column elementor-element elementor-element-84e696c\" data-id=\"84e696c\" data-element_type=\"column\">\n\t\t\t<div class=\"elementor-widget-wrap elementor-element-populated\">\n\t\t\t\t\t\t<div class=\"elementor-element elementor-element-269d38ad elementor-widget elementor-widget-heading\" data-id=\"269d38ad\" data-element_type=\"widget\" data-widget_type=\"heading.default\">\n\t\t\t\t<div class=\"elementor-widget-container\">\n\t\t\t\t\t<h1 class=\"elementor-heading-title elementor-size-default\">Spole\u010dn\u011b s l\u00e9ka\u0159i m\u011bn\u00edme budoucnost l\u00e9\u010debn\u00e9ho konop\u00ed\n<\/h1>\t\t\t\t<\/div>\n\t\t\t\t<\/div>\n\t\t\t\t<div class=\"elementor-element elementor-element-3587f6a7 elementor-widget elementor-widget-text-editor\" data-id=\"3587f6a7\" data-element_type=\"widget\" data-widget_type=\"text-editor.default\">\n\t\t\t\t<div class=\"elementor-widget-container\">\n\t\t\t\t\t\t\t\t\t<p>Vzd\u011bl\u00e1v\u00e1n\u00ed l\u00e9ka\u0159\u016f o l\u00e9\u010debn\u00e9m konop\u00ed \u2013 pro lep\u0161\u00ed zdrav\u00ed a \u017eivoty pacient\u016f<\/p>\t\t\t\t\t\t\t\t<\/div>\n\t\t\t\t<\/div>\n\t\t\t\t<div class=\"elementor-element elementor-element-5ace1c6a elementor-mobile-align-center elementor-widget elementor-widget-button\" data-id=\"5ace1c6a\" data-element_type=\"widget\" data-widget_type=\"button.default\">\n\t\t\t\t<div class=\"elementor-widget-container\">\n\t\t\t\t\t\t\t\t\t<div class=\"elementor-button-wrapper\">\n\t\t\t\t\t<a class=\"elementor-button elementor-button-link elementor-size-sm\" href=\"https:\/\/medisonalce.com\/cs\/#Contact\">\n\t\t\t\t\t\t<span class=\"elementor-button-content-wrapper\">\n\t\t\t\t\t\t\t\t\t<span class=\"elementor-button-text\">Kontaktujte n\u00e1s<\/span>\n\t\t\t\t\t<\/span>\n\t\t\t\t\t<\/a>\n\t\t\t\t<\/div>\n\t\t\t\t\t\t\t\t<\/div>\n\t\t\t\t<\/div>\n\t\t\t\t\t<\/div>\n\t\t<\/div>\n\t\t\t\t<div class=\"elementor-column elementor-col-50 elementor-top-column elementor-element elementor-element-2d434a5f\" data-id=\"2d434a5f\" data-element_type=\"column\">\n\t\t\t<div class=\"elementor-widget-wrap elementor-element-populated\">\n\t\t\t\t\t\t<div class=\"elementor-element elementor-element-69cb04de elementor-widget elementor-widget-image\" data-id=\"69cb04de\" data-element_type=\"widget\" data-widget_type=\"image.default\">\n\t\t\t\t<div class=\"elementor-widget-container\">\n\t\t\t\t\t\t\t\t\t\t\t\t\t\t\t<img fetchpriority=\"high\" decoding=\"async\" width=\"1024\" height=\"683\" src=\"https:\/\/medisonalce.com\/wp-content\/uploads\/2023\/09\/image-from-rawpixel-id-2287484-jpeg-1024x683.jpg\" class=\"attachment-large size-large wp-image-39\" alt=\"\" srcset=\"https:\/\/medisonalce.com\/wp-content\/uploads\/2023\/09\/image-from-rawpixel-id-2287484-jpeg-1024x683.jpg 1024w, https:\/\/medisonalce.com\/wp-content\/uploads\/2023\/09\/image-from-rawpixel-id-2287484-jpeg-300x200.jpg 300w, https:\/\/medisonalce.com\/wp-content\/uploads\/2023\/09\/image-from-rawpixel-id-2287484-jpeg-768x512.jpg 768w, https:\/\/medisonalce.com\/wp-content\/uploads\/2023\/09\/image-from-rawpixel-id-2287484-jpeg-1536x1024.jpg 1536w, https:\/\/medisonalce.com\/wp-content\/uploads\/2023\/09\/image-from-rawpixel-id-2287484-jpeg-2048x1365.jpg 2048w\" sizes=\"(max-width: 1024px) 100vw, 1024px\" \/>\t\t\t\t\t\t\t\t\t\t\t\t\t\t\t<\/div>\n\t\t\t\t<\/div>\n\t\t\t\t\t<\/div>\n\t\t<\/div>\n\t\t\t\t\t<\/div>\n\t\t<\/section>\n\t\t\t\t<section class=\"elementor-section elementor-top-section elementor-element elementor-element-1474cbb elementor-section-full_width elementor-section-content-middle elementor-reverse-tablet elementor-reverse-mobile elementor-section-height-default elementor-section-height-default\" data-id=\"1474cbb\" data-element_type=\"section\">\n\t\t\t\t\t\t<div class=\"elementor-container elementor-column-gap-no\">\n\t\t\t\t\t<div class=\"elementor-column elementor-col-50 elementor-top-column elementor-element elementor-element-19690e6d\" data-id=\"19690e6d\" data-element_type=\"column\">\n\t\t\t<div class=\"elementor-widget-wrap elementor-element-populated\">\n\t\t\t\t\t\t<div class=\"elementor-element elementor-element-7d09f951 elementor-widget elementor-widget-image\" data-id=\"7d09f951\" data-element_type=\"widget\" data-widget_type=\"image.default\">\n\t\t\t\t<div class=\"elementor-widget-container\">\n\t\t\t\t\t\t\t\t\t\t\t\t\t\t\t<img decoding=\"async\" width=\"1024\" height=\"440\" src=\"https:\/\/medisonalce.com\/wp-content\/uploads\/2023\/09\/MedisonalGroup-1024x440.png\" class=\"attachment-large size-large wp-image-119\" alt=\"\" srcset=\"https:\/\/medisonalce.com\/wp-content\/uploads\/2023\/09\/MedisonalGroup-1024x440.png 1024w, https:\/\/medisonalce.com\/wp-content\/uploads\/2023\/09\/MedisonalGroup-300x129.png 300w, https:\/\/medisonalce.com\/wp-content\/uploads\/2023\/09\/MedisonalGroup-768x330.png 768w, https:\/\/medisonalce.com\/wp-content\/uploads\/2023\/09\/MedisonalGroup.png 1040w\" sizes=\"(max-width: 1024px) 100vw, 1024px\" \/>\t\t\t\t\t\t\t\t\t\t\t\t\t\t\t<\/div>\n\t\t\t\t<\/div>\n\t\t\t\t\t<\/div>\n\t\t<\/div>\n\t\t\t\t<div class=\"elementor-column elementor-col-50 elementor-top-column elementor-element elementor-element-438a80d2\" data-id=\"438a80d2\" data-element_type=\"column\">\n\t\t\t<div class=\"elementor-widget-wrap elementor-element-populated\">\n\t\t\t\t\t\t<div class=\"elementor-element elementor-element-27edf54b elementor-widget elementor-widget-heading\" data-id=\"27edf54b\" data-element_type=\"widget\" data-widget_type=\"heading.default\">\n\t\t\t\t<div class=\"elementor-widget-container\">\n\t\t\t\t\t<h3 class=\"elementor-heading-title elementor-size-default\">O n\u00e1s<\/h3>\t\t\t\t<\/div>\n\t\t\t\t<\/div>\n\t\t\t\t<div class=\"elementor-element elementor-element-16e1b640 elementor-widget elementor-widget-text-editor\" data-id=\"16e1b640\" data-element_type=\"widget\" data-widget_type=\"text-editor.default\">\n\t\t\t\t<div class=\"elementor-widget-container\">\n\t\t\t\t\t\t\t\t\t<p>Jako sou\u010d\u00e1st Medisonal Group z\u016fst\u00e1v\u00e1 na\u0161e zam\u011b\u0159en\u00ed neochv\u011bjn\u00e9: zlep\u0161en\u00ed p\u0159\u00edstupu k nelicencovan\u00fdm l\u00e9k\u016fm, jako je l\u00e9\u010debn\u00e9 konop\u00ed, pro pacienty v \u010cesk\u00e9 republice, Polsku a N\u011bmecku.<\/p>\t\t\t\t\t\t\t\t<\/div>\n\t\t\t\t<\/div>\n\t\t\t\t<div class=\"elementor-element elementor-element-74bffb3d elementor-mobile-align-center elementor-widget elementor-widget-button\" data-id=\"74bffb3d\" data-element_type=\"widget\" data-widget_type=\"button.default\">\n\t\t\t\t<div class=\"elementor-widget-container\">\n\t\t\t\t\t\t\t\t\t<div class=\"elementor-button-wrapper\">\n\t\t\t\t\t<a class=\"elementor-button elementor-button-link elementor-size-sm\" href=\"https:\/\/medisonalce.com\/cs\/about-us\/\">\n\t\t\t\t\t\t<span class=\"elementor-button-content-wrapper\">\n\t\t\t\t\t\t\t\t\t<span class=\"elementor-button-text\">Dal\u0161\u00ed informace<\/span>\n\t\t\t\t\t<\/span>\n\t\t\t\t\t<\/a>\n\t\t\t\t<\/div>\n\t\t\t\t\t\t\t\t<\/div>\n\t\t\t\t<\/div>\n\t\t\t\t\t<\/div>\n\t\t<\/div>\n\t\t\t\t\t<\/div>\n\t\t<\/section>\n\t\t\t\t<section class=\"elementor-section elementor-top-section elementor-element elementor-element-50fc03b6 elementor-section-full_width elementor-section-height-default elementor-section-height-default\" data-id=\"50fc03b6\" data-element_type=\"section\">\n\t\t\t\t\t\t<div class=\"elementor-container elementor-column-gap-no\">\n\t\t\t\t\t<div class=\"elementor-column elementor-col-100 elementor-top-column elementor-element elementor-element-3c5e8963\" data-id=\"3c5e8963\" data-element_type=\"column\">\n\t\t\t<div class=\"elementor-widget-wrap elementor-element-populated\">\n\t\t\t\t\t\t<div class=\"elementor-element elementor-element-42d1bd23 elementor-widget elementor-widget-heading\" data-id=\"42d1bd23\" data-element_type=\"widget\" data-widget_type=\"heading.default\">\n\t\t\t\t<div class=\"elementor-widget-container\">\n\t\t\t\t\t<h3 class=\"elementor-heading-title elementor-size-default\">Na\u0161e slu\u017eby<\/h3>\t\t\t\t<\/div>\n\t\t\t\t<\/div>\n\t\t\t\t<section class=\"elementor-section elementor-inner-section elementor-element elementor-element-76ada30d elementor-section-full_width elementor-section-height-default elementor-section-height-default\" data-id=\"76ada30d\" data-element_type=\"section\">\n\t\t\t\t\t\t<div class=\"elementor-container elementor-column-gap-no\">\n\t\t\t\t\t<div class=\"elementor-column elementor-col-33 elementor-inner-column elementor-element elementor-element-320ce6ff\" data-id=\"320ce6ff\" data-element_type=\"column\">\n\t\t\t<div class=\"elementor-widget-wrap elementor-element-populated\">\n\t\t\t\t\t\t<div class=\"elementor-element elementor-element-29c6d6c1 elementor-position-top elementor-widget elementor-widget-image-box\" data-id=\"29c6d6c1\" data-element_type=\"widget\" data-widget_type=\"image-box.default\">\n\t\t\t\t<div class=\"elementor-widget-container\">\n\t\t\t\t\t<div class=\"elementor-image-box-wrapper\"><figure class=\"elementor-image-box-img\"><a href=\"#\" tabindex=\"-1\"><img decoding=\"async\" width=\"221\" height=\"118\" src=\"https:\/\/medisonalce.com\/wp-content\/uploads\/2023\/09\/MIE-logo-New.svg\" class=\"elementor-animation-grow attachment-full size-full wp-image-87\" alt=\"\" \/><\/a><\/figure><div class=\"elementor-image-box-content\"><h4 class=\"elementor-image-box-title\"><a href=\"#\">MIE<\/a><\/h4><p class=\"elementor-image-box-description\">N\u00e1\u0161 vzd\u011bl\u00e1vac\u00ed institut (MIE) nab\u00edz\u00ed velk\u00e9 mno\u017estv\u00ed v\u00fdukov\u00fdch modul\u016f pro vzd\u011bl\u00e1v\u00e1n\u00ed zdravotn\u00edk\u016f o nelicencovan\u00fdch l\u00e9c\u00edch, s velk\u00fdm zam\u011b\u0159en\u00edm na terapeutick\u00fd potenci\u00e1l l\u00e9k\u016f na p\u0159edpis na b\u00e1zi konop\u00ed (KPI).<\/p><\/div><\/div>\t\t\t\t<\/div>\n\t\t\t\t<\/div>\n\t\t\t\t\t<\/div>\n\t\t<\/div>\n\t\t\t\t<div class=\"elementor-column elementor-col-33 elementor-inner-column elementor-element elementor-element-20459d5f\" data-id=\"20459d5f\" data-element_type=\"column\">\n\t\t\t<div class=\"elementor-widget-wrap elementor-element-populated\">\n\t\t\t\t\t\t<div class=\"elementor-element elementor-element-3406c761 elementor-position-top elementor-widget elementor-widget-image-box\" data-id=\"3406c761\" data-element_type=\"widget\" data-widget_type=\"image-box.default\">\n\t\t\t\t<div class=\"elementor-widget-container\">\n\t\t\t\t\t<div class=\"elementor-image-box-wrapper\"><figure class=\"elementor-image-box-img\"><a href=\"https:\/\/medisonalce.com\/cs\/m3-cz\/\" tabindex=\"-1\"><img loading=\"lazy\" decoding=\"async\" width=\"150\" height=\"150\" src=\"https:\/\/medisonalce.com\/wp-content\/uploads\/2023\/09\/m3-logo39.svg\" class=\"elementor-animation-grow attachment-thumbnail size-thumbnail wp-image-289\" alt=\"\" \/><\/a><\/figure><div class=\"elementor-image-box-content\"><h4 class=\"elementor-image-box-title\"><a href=\"https:\/\/medisonalce.com\/cs\/m3-cz\/\">M3<\/a><\/h4><p class=\"elementor-image-box-description\">Platforma M3 funguje jako centrum komplexn\u00edch informa\u010dn\u00edch zdroj\u016f, kter\u00e9 mohou l\u00e9ka\u0159\u016fm umo\u017enit orientovat se ve slo\u017eitosti spojen\u00e9 s nelicencovan\u00fdmi l\u00e9ky.<\/p><\/div><\/div>\t\t\t\t<\/div>\n\t\t\t\t<\/div>\n\t\t\t\t\t<\/div>\n\t\t<\/div>\n\t\t\t\t<div class=\"elementor-column elementor-col-33 elementor-inner-column elementor-element elementor-element-6ceec554\" data-id=\"6ceec554\" data-element_type=\"column\">\n\t\t\t<div class=\"elementor-widget-wrap elementor-element-populated\">\n\t\t\t\t\t\t<div class=\"elementor-element elementor-element-4099dc56 elementor-position-top elementor-widget elementor-widget-image-box\" data-id=\"4099dc56\" data-element_type=\"widget\" data-widget_type=\"image-box.default\">\n\t\t\t\t<div class=\"elementor-widget-container\">\n\t\t\t\t\t<div class=\"elementor-image-box-wrapper\"><figure class=\"elementor-image-box-img\"><a href=\"#\" tabindex=\"-1\"><img loading=\"lazy\" decoding=\"async\" width=\"811\" height=\"100\" src=\"https:\/\/medisonalce.com\/wp-content\/uploads\/2023\/09\/clinic-logo.svg\" class=\"elementor-animation-grow attachment-full size-full wp-image-140\" alt=\"\" \/><\/a><\/figure><div class=\"elementor-image-box-content\"><h4 class=\"elementor-image-box-title\"><a href=\"#\">M2<\/a><\/h4><p class=\"elementor-image-box-description\">M2 je online inovativn\u00ed platforma, kter\u00e1 byla vytvo\u0159ena s jedin\u00fdm c\u00edlem zv\u00fd\u0161it zapojen\u00ed pacient\u016f a poskytnout pohodln\u00fd a interaktivn\u00ed p\u0159\u00edstup ke zdravotnick\u00fdm slu\u017eb\u00e1m. <\/p><\/div><\/div>\t\t\t\t<\/div>\n\t\t\t\t<\/div>\n\t\t\t\t\t<\/div>\n\t\t<\/div>\n\t\t\t\t\t<\/div>\n\t\t<\/section>\n\t\t\t\t\t<\/div>\n\t\t<\/div>\n\t\t\t\t\t<\/div>\n\t\t<\/section>\n\t\t\t\t<section class=\"elementor-section elementor-top-section elementor-element elementor-element-16f7f9c0 elementor-section-content-middle elementor-reverse-tablet elementor-reverse-mobile elementor-section-full_width elementor-section-height-default elementor-section-height-default\" data-id=\"16f7f9c0\" data-element_type=\"section\">\n\t\t\t\t\t\t<div class=\"elementor-container elementor-column-gap-no\">\n\t\t\t\t\t<div class=\"elementor-column elementor-col-50 elementor-top-column elementor-element elementor-element-6f2ec57c\" data-id=\"6f2ec57c\" data-element_type=\"column\">\n\t\t\t<div class=\"elementor-widget-wrap elementor-element-populated\">\n\t\t\t\t\t\t<div class=\"elementor-element elementor-element-1fe5b98 elementor-widget elementor-widget-google_maps\" data-id=\"1fe5b98\" data-element_type=\"widget\" data-widget_type=\"google_maps.default\">\n\t\t\t\t<div class=\"elementor-widget-container\">\n\t\t\t\t\t\t\t<div class=\"elementor-custom-embed\">\n\t\t\t<iframe loading=\"lazy\"\n\t\t\t\t\tsrc=\"https:\/\/maps.google.com\/maps?q=Cyrila%20Boudy%201444%2C%20Kladno&#038;t=m&#038;z=10&#038;output=embed&#038;iwloc=near\"\n\t\t\t\t\ttitle=\"Cyrila Boudy 1444, Kladno\"\n\t\t\t\t\taria-label=\"Cyrila Boudy 1444, Kladno\"\n\t\t\t><\/iframe>\n\t\t<\/div>\n\t\t\t\t\t\t<\/div>\n\t\t\t\t<\/div>\n\t\t\t\t\t<\/div>\n\t\t<\/div>\n\t\t\t\t<div class=\"elementor-column elementor-col-50 elementor-top-column elementor-element elementor-element-3de14a2c\" data-id=\"3de14a2c\" data-element_type=\"column\">\n\t\t\t<div class=\"elementor-widget-wrap elementor-element-populated\">\n\t\t\t\t\t\t<div class=\"elementor-element elementor-element-9f8a2ef elementor-widget elementor-widget-menu-anchor\" data-id=\"9f8a2ef\" data-element_type=\"widget\" data-widget_type=\"menu-anchor.default\">\n\t\t\t\t<div class=\"elementor-widget-container\">\n\t\t\t\t\t\t\t<div class=\"elementor-menu-anchor\" id=\"Contact\"><\/div>\n\t\t\t\t\t\t<\/div>\n\t\t\t\t<\/div>\n\t\t\t\t<div class=\"elementor-element elementor-element-2afb056f elementor-widget elementor-widget-heading\" data-id=\"2afb056f\" data-element_type=\"widget\" data-widget_type=\"heading.default\">\n\t\t\t\t<div class=\"elementor-widget-container\">\n\t\t\t\t\t<h6 class=\"elementor-heading-title elementor-size-default\">Medisonal Central Europe s.r.o.<\/h6>\t\t\t\t<\/div>\n\t\t\t\t<\/div>\n\t\t\t\t<div class=\"elementor-element elementor-element-60bd8d9b elementor-widget elementor-widget-text-editor\" data-id=\"60bd8d9b\" data-element_type=\"widget\" data-widget_type=\"text-editor.default\">\n\t\t\t\t<div class=\"elementor-widget-container\">\n\t\t\t\t\t\t\t\t\t<p>Cyrila Boudy 1444<br \/>272 01 Kladno<br \/>\u010cesk\u00e1 republika<br \/>Identifika\u010dn\u00ed \u010d\u00edslo: 17492840<br \/>E-mailem:  info@medisonalce.com<\/p>\t\t\t\t\t\t\t\t<\/div>\n\t\t\t\t<\/div>\n\t\t\t\t\t<\/div>\n\t\t<\/div>\n\t\t\t\t\t<\/div>\n\t\t<\/section>\n\t\t\t\t<\/div>","protected":false},"excerpt":{"rendered":"<p>Together with doctors, we are changing the future of medical cannabis Educating doctors on medical cannabis &#8211; for better health and lives of patients Contact us About Us As part of the Medisonal Group, our focus remains unwavering: enhancing access to life-unlicensed medicines, such as medical cannabis, for patients in the Czech Republic, Poland and &hellip;<\/p>\n<p class=\"read-more\"> <a class=\"\" href=\"https:\/\/medisonalce.com\/cs\/\"> <span class=\"screen-reader-text\">Home<\/span> Pokra\u010dovat ve \u010dten\u00ed &raquo;<\/a><\/p>","protected":false},"author":2,"featured_media":0,"parent":0,"menu_order":0,"comment_status":"closed","ping_status":"closed","template":"elementor_header_footer","meta":{"inline_featured_image":false,"site-sidebar-layout":"no-sidebar","site-content-layout":"","ast-site-content-layout":"full-width-container","site-content-style":"default","site-sidebar-style":"default","ast-global-header-display":"","ast-banner-title-visibility":"","ast-main-header-display":"","ast-hfb-above-header-display":"","ast-hfb-below-header-display":"","ast-hfb-mobile-header-display":"","site-post-title":"disabled","ast-breadcrumbs-content":"","ast-featured-img":"disabled","footer-sml-layout":"","theme-transparent-header-meta":"","adv-header-id-meta":"","stick-header-meta":"","header-above-stick-meta":"","header-main-stick-meta":"","header-below-stick-meta":"","astra-migrate-meta-layouts":"","footnotes":""},"class_list":["post-7","page","type-page","status-publish","hentry"],"yoast_head":"<!-- This site is optimized with the Yoast SEO plugin v27.4 - https:\/\/yoast.com\/product\/yoast-seo-wordpress\/ -->\n<title>Home - MedisonalCE<\/title>\n<meta name=\"robots\" content=\"index, follow, max-snippet:-1, max-image-preview:large, max-video-preview:-1\" \/>\n<link rel=\"canonical\" href=\"https:\/\/medisonalce.com\/cs\/\" \/>\n<meta property=\"og:locale\" content=\"cs_CZ\" \/>\n<meta property=\"og:type\" content=\"article\" \/>\n<meta property=\"og:title\" content=\"Home - MedisonalCE\" \/>\n<meta property=\"og:description\" content=\"Together with doctors, we are changing the future of medical cannabis Educating doctors on medical cannabis &#8211; for better health and lives of patients Contact us About Us As part of the Medisonal Group, our focus remains unwavering: enhancing access to life-unlicensed medicines, such as medical cannabis, for patients in the Czech Republic, Poland and &hellip; Home Pokra\u010dovat ve \u010dten\u00ed &raquo;\" \/>\n<meta property=\"og:url\" content=\"https:\/\/medisonalce.com\/cs\/\" \/>\n<meta property=\"og:site_name\" content=\"MedisonalCE\" \/>\n<meta property=\"article:modified_time\" content=\"2023-09-15T14:00:22+00:00\" \/>\n<meta property=\"og:image\" content=\"https:\/\/medisonalce.com\/wp-content\/uploads\/2023\/09\/image-from-rawpixel-id-2287484-jpeg-1024x683.jpg\" \/>\n<meta name=\"twitter:card\" content=\"summary_large_image\" \/>\n<meta name=\"twitter:label1\" content=\"Odhadovan\u00e1 doba \u010dten\u00ed\" \/>\n\t<meta name=\"twitter:data1\" content=\"2 minuty\" \/>\n<script type=\"application\/ld+json\" class=\"yoast-schema-graph\">{\"@context\":\"https:\\\/\\\/schema.org\",\"@graph\":[{\"@type\":\"WebPage\",\"@id\":\"https:\\\/\\\/medisonalce.com\\\/\",\"url\":\"https:\\\/\\\/medisonalce.com\\\/\",\"name\":\"Home - MedisonalCE\",\"isPartOf\":{\"@id\":\"https:\\\/\\\/medisonalce.com\\\/#website\"},\"primaryImageOfPage\":{\"@id\":\"https:\\\/\\\/medisonalce.com\\\/#primaryimage\"},\"image\":{\"@id\":\"https:\\\/\\\/medisonalce.com\\\/#primaryimage\"},\"thumbnailUrl\":\"https:\\\/\\\/medisonalce.com\\\/wp-content\\\/uploads\\\/2023\\\/09\\\/image-from-rawpixel-id-2287484-jpeg-1024x683.jpg\",\"datePublished\":\"2023-09-01T09:21:36+00:00\",\"dateModified\":\"2023-09-15T14:00:22+00:00\",\"breadcrumb\":{\"@id\":\"https:\\\/\\\/medisonalce.com\\\/#breadcrumb\"},\"inLanguage\":\"cs\",\"potentialAction\":[{\"@type\":\"ReadAction\",\"target\":[\"https:\\\/\\\/medisonalce.com\\\/\"]}]},{\"@type\":\"ImageObject\",\"inLanguage\":\"cs\",\"@id\":\"https:\\\/\\\/medisonalce.com\\\/#primaryimage\",\"url\":\"https:\\\/\\\/medisonalce.com\\\/wp-content\\\/uploads\\\/2023\\\/09\\\/image-from-rawpixel-id-2287484-jpeg-1024x683.jpg\",\"contentUrl\":\"https:\\\/\\\/medisonalce.com\\\/wp-content\\\/uploads\\\/2023\\\/09\\\/image-from-rawpixel-id-2287484-jpeg-1024x683.jpg\"},{\"@type\":\"BreadcrumbList\",\"@id\":\"https:\\\/\\\/medisonalce.com\\\/#breadcrumb\",\"itemListElement\":[{\"@type\":\"ListItem\",\"position\":1,\"name\":\"Home\",\"item\":\"https:\\\/\\\/medisonalce.com\\\/\"},{\"@type\":\"ListItem\",\"position\":2,\"name\":\"Home\"}]},{\"@type\":\"WebSite\",\"@id\":\"https:\\\/\\\/medisonalce.com\\\/#website\",\"url\":\"https:\\\/\\\/medisonalce.com\\\/\",\"name\":\"MedisonalCE\",\"description\":\"\",\"publisher\":{\"@id\":\"https:\\\/\\\/medisonalce.com\\\/#organization\"},\"potentialAction\":[{\"@type\":\"SearchAction\",\"target\":{\"@type\":\"EntryPoint\",\"urlTemplate\":\"https:\\\/\\\/medisonalce.com\\\/?s={search_term_string}\"},\"query-input\":{\"@type\":\"PropertyValueSpecification\",\"valueRequired\":true,\"valueName\":\"search_term_string\"}}],\"inLanguage\":\"cs\"},{\"@type\":\"Organization\",\"@id\":\"https:\\\/\\\/medisonalce.com\\\/#organization\",\"name\":\"MedisonalCE\",\"url\":\"https:\\\/\\\/medisonalce.com\\\/\",\"logo\":{\"@type\":\"ImageObject\",\"inLanguage\":\"cs\",\"@id\":\"https:\\\/\\\/medisonalce.com\\\/#\\\/schema\\\/logo\\\/image\\\/\",\"url\":\"https:\\\/\\\/medisonalce.com\\\/wp-content\\\/uploads\\\/2023\\\/09\\\/Medisonal-CE.svg\",\"contentUrl\":\"https:\\\/\\\/medisonalce.com\\\/wp-content\\\/uploads\\\/2023\\\/09\\\/Medisonal-CE.svg\",\"width\":770,\"height\":163,\"caption\":\"MedisonalCE\"},\"image\":{\"@id\":\"https:\\\/\\\/medisonalce.com\\\/#\\\/schema\\\/logo\\\/image\\\/\"}}]}<\/script>\n<!-- \/ Yoast SEO plugin. -->","yoast_head_json":{"title":"Home - MedisonalCE","robots":{"index":"index","follow":"follow","max-snippet":"max-snippet:-1","max-image-preview":"max-image-preview:large","max-video-preview":"max-video-preview:-1"},"canonical":"https:\/\/medisonalce.com\/cs\/","og_locale":"cs_CZ","og_type":"article","og_title":"Home - MedisonalCE","og_description":"Together with doctors, we are changing the future of medical cannabis Educating doctors on medical cannabis &#8211; for better health and lives of patients Contact us About Us As part of the Medisonal Group, our focus remains unwavering: enhancing access to life-unlicensed medicines, such as medical cannabis, for patients in the Czech Republic, Poland and &hellip; Home Pokra\u010dovat ve \u010dten\u00ed &raquo;","og_url":"https:\/\/medisonalce.com\/cs\/","og_site_name":"MedisonalCE","article_modified_time":"2023-09-15T14:00:22+00:00","og_image":[{"url":"https:\/\/medisonalce.com\/wp-content\/uploads\/2023\/09\/image-from-rawpixel-id-2287484-jpeg-1024x683.jpg","type":"","width":"","height":""}],"twitter_card":"summary_large_image","twitter_misc":{"Odhadovan\u00e1 doba \u010dten\u00ed":"2 minuty"},"schema":{"@context":"https:\/\/schema.org","@graph":[{"@type":"WebPage","@id":"https:\/\/medisonalce.com\/","url":"https:\/\/medisonalce.com\/","name":"Home - MedisonalCE","isPartOf":{"@id":"https:\/\/medisonalce.com\/#website"},"primaryImageOfPage":{"@id":"https:\/\/medisonalce.com\/#primaryimage"},"image":{"@id":"https:\/\/medisonalce.com\/#primaryimage"},"thumbnailUrl":"https:\/\/medisonalce.com\/wp-content\/uploads\/2023\/09\/image-from-rawpixel-id-2287484-jpeg-1024x683.jpg","datePublished":"2023-09-01T09:21:36+00:00","dateModified":"2023-09-15T14:00:22+00:00","breadcrumb":{"@id":"https:\/\/medisonalce.com\/#breadcrumb"},"inLanguage":"cs","potentialAction":[{"@type":"ReadAction","target":["https:\/\/medisonalce.com\/"]}]},{"@type":"ImageObject","inLanguage":"cs","@id":"https:\/\/medisonalce.com\/#primaryimage","url":"https:\/\/medisonalce.com\/wp-content\/uploads\/2023\/09\/image-from-rawpixel-id-2287484-jpeg-1024x683.jpg","contentUrl":"https:\/\/medisonalce.com\/wp-content\/uploads\/2023\/09\/image-from-rawpixel-id-2287484-jpeg-1024x683.jpg"},{"@type":"BreadcrumbList","@id":"https:\/\/medisonalce.com\/#breadcrumb","itemListElement":[{"@type":"ListItem","position":1,"name":"Home","item":"https:\/\/medisonalce.com\/"},{"@type":"ListItem","position":2,"name":"Home"}]},{"@type":"WebSite","@id":"https:\/\/medisonalce.com\/#website","url":"https:\/\/medisonalce.com\/","name":"MedisonalCE","description":"","publisher":{"@id":"https:\/\/medisonalce.com\/#organization"},"potentialAction":[{"@type":"SearchAction","target":{"@type":"EntryPoint","urlTemplate":"https:\/\/medisonalce.com\/?s={search_term_string}"},"query-input":{"@type":"PropertyValueSpecification","valueRequired":true,"valueName":"search_term_string"}}],"inLanguage":"cs"},{"@type":"Organization","@id":"https:\/\/medisonalce.com\/#organization","name":"MedisonalCE","url":"https:\/\/medisonalce.com\/","logo":{"@type":"ImageObject","inLanguage":"cs","@id":"https:\/\/medisonalce.com\/#\/schema\/logo\/image\/","url":"https:\/\/medisonalce.com\/wp-content\/uploads\/2023\/09\/Medisonal-CE.svg","contentUrl":"https:\/\/medisonalce.com\/wp-content\/uploads\/2023\/09\/Medisonal-CE.svg","width":770,"height":163,"caption":"MedisonalCE"},"image":{"@id":"https:\/\/medisonalce.com\/#\/schema\/logo\/image\/"}}]}},"jetpack_sharing_enabled":true,"_links":{"self":[{"href":"https:\/\/medisonalce.com\/cs\/wp-json\/wp\/v2\/pages\/7","targetHints":{"allow":["GET"]}}],"collection":[{"href":"https:\/\/medisonalce.com\/cs\/wp-json\/wp\/v2\/pages"}],"about":[{"href":"https:\/\/medisonalce.com\/cs\/wp-json\/wp\/v2\/types\/page"}],"author":[{"embeddable":true,"href":"https:\/\/medisonalce.com\/cs\/wp-json\/wp\/v2\/users\/2"}],"replies":[{"embeddable":true,"href":"https:\/\/medisonalce.com\/cs\/wp-json\/wp\/v2\/comments?post=7"}],"version-history":[{"count":20,"href":"https:\/\/medisonalce.com\/cs\/wp-json\/wp\/v2\/pages\/7\/revisions"}],"predecessor-version":[{"id":327,"href":"https:\/\/medisonalce.com\/cs\/wp-json\/wp\/v2\/pages\/7\/revisions\/327"}],"wp:attachment":[{"href":"https:\/\/medisonalce.com\/cs\/wp-json\/wp\/v2\/media?parent=7"}],"curies":[{"name":"wp","href":"https:\/\/api.w.org\/{rel}","templated":true}]}}